{"id":12,"date":"2023-12-13T13:56:47","date_gmt":"2023-12-13T13:56:47","guid":{"rendered":"https:\/\/vandenbos-cm.nl\/?page_id=12"},"modified":"2025-10-08T13:04:42","modified_gmt":"2025-10-08T13:04:42","slug":"uber-uns","status":"publish","type":"page","link":"https:\/\/vandenbos-cm.nl\/de\/uber-uns\/","title":{"rendered":"\u00dcber uns"},"content":{"rendered":"<div data-elementor-type=\"wp-page\" data-elementor-id=\"12\" class=\"elementor elementor-12\" data-elementor-post-type=\"page\">\n\t\t\t\t<div class=\"elementor-element elementor-element-1bd1ddc e-flex e-con-boxed e-con e-parent\" data-id=\"1bd1ddc\" data-element_type=\"container\" data-settings=\"{&quot;background_background&quot;:&quot;video&quot;,&quot;background_video_start&quot;:0,&quot;background_play_on_mobile&quot;:&quot;yes&quot;,&quot;background_video_link&quot;:&quot;https:\\\/\\\/vimeo.com\\\/894873282?share=copy&quot;}\">\n\t\t\t\t\t<div class=\"e-con-inner\">\n\t\t<div class=\"elementor-background-video-container\">\n\t\t\t\t\t\t\t<div class=\"elementor-background-video-embed\"><\/div>\n\t\t\t\t\t\t<\/div>\t\t\t<\/div>\n\t\t\t\t<\/div>\n\t\t<div class=\"elementor-element elementor-element-1e2d7a3 e-flex e-con-boxed e-con e-parent\" data-id=\"1e2d7a3\" data-element_type=\"container\">\n\t\t\t\t\t<div class=\"e-con-inner\">\n\t\t\t\t<div class=\"elementor-element elementor-element-a37f0a2 elementor-widget elementor-widget-heading\" data-id=\"a37f0a2\" data-element_type=\"widget\" data-widget_type=\"heading.default\">\n\t\t\t\t<div class=\"elementor-widget-container\">\n\t\t\t<style>\/*! elementor - v3.23.0 - 15-07-2024 *\/\n.elementor-heading-title{padding:0;margin:0;line-height:1}.elementor-widget-heading .elementor-heading-title[class*=elementor-size-]>a{color:inherit;font-size:inherit;line-height:inherit}.elementor-widget-heading .elementor-heading-title.elementor-size-small{font-size:15px}.elementor-widget-heading .elementor-heading-title.elementor-size-medium{font-size:19px}.elementor-widget-heading .elementor-heading-title.elementor-size-large{font-size:29px}.elementor-widget-heading .elementor-heading-title.elementor-size-xl{font-size:39px}.elementor-widget-heading .elementor-heading-title.elementor-size-xxl{font-size:59px}<\/style><h2 class=\"elementor-heading-title elementor-size-default\">Van den Bos-cm, <b>seit 1999<\/b><\/h2>\t\t<\/div>\n\t\t\t\t<\/div>\n\t\t\t\t<div class=\"elementor-element elementor-element-d5adb6e elementor-widget elementor-widget-text-editor\" data-id=\"d5adb6e\" data-element_type=\"widget\" data-widget_type=\"text-editor.default\">\n\t\t\t\t<div class=\"elementor-widget-container\">\n\t\t\t<style>\/*! elementor - v3.23.0 - 15-07-2024 *\/\n.elementor-widget-text-editor.elementor-drop-cap-view-stacked .elementor-drop-cap{background-color:#69727d;color:#fff}.elementor-widget-text-editor.elementor-drop-cap-view-framed .elementor-drop-cap{color:#69727d;border:3px solid;background-color:transparent}.elementor-widget-text-editor:not(.elementor-drop-cap-view-default) .elementor-drop-cap{margin-top:8px}.elementor-widget-text-editor:not(.elementor-drop-cap-view-default) .elementor-drop-cap-letter{width:1em;height:1em}.elementor-widget-text-editor .elementor-drop-cap{float:left;text-align:center;line-height:1;font-size:50px}.elementor-widget-text-editor .elementor-drop-cap-letter{display:inline-block}<\/style>\t\t\t\t<p>Van den Bos corrugated machinery, fr\u00fcher bekannt als Van den Bos Sales &amp; Technical Services (STS), wurde 1999 gegr\u00fcndet von Jan van den Bos. Die Erfahrung, die Jan ab Anfang der 70er Jahre als Betriebsleiter in der Wellpappenindustrie sammelte, bildet die Grundlage f\u00fcr die heutigen T\u00e4tigkeiten des Unternehmens.<\/p>\t\t\t\t\t\t<\/div>\n\t\t\t\t<\/div>\n\t\t\t\t\t<\/div>\n\t\t\t\t<\/div>\n\t\t<div class=\"elementor-element elementor-element-b5ab0a6 e-flex e-con-boxed e-con e-parent\" data-id=\"b5ab0a6\" data-element_type=\"container\" data-settings=\"{&quot;background_background&quot;:&quot;classic&quot;}\">\n\t\t\t\t\t<div class=\"e-con-inner\">\n\t\t<div class=\"elementor-element elementor-element-6df07c0 e-flex e-con-boxed e-con e-child\" data-id=\"6df07c0\" data-element_type=\"container\">\n\t\t\t\t\t<div class=\"e-con-inner\">\n\t\t\t\t<div class=\"elementor-element elementor-element-80549a4 elementor-widget elementor-widget-image\" data-id=\"80549a4\" data-element_type=\"widget\" data-widget_type=\"image.default\">\n\t\t\t\t<div class=\"elementor-widget-container\">\n\t\t\t<style>\/*! elementor - v3.23.0 - 15-07-2024 *\/\n.elementor-widget-image{text-align:center}.elementor-widget-image a{display:inline-block}.elementor-widget-image a img[src$=\".svg\"]{width:48px}.elementor-widget-image img{vertical-align:middle;display:inline-block}<\/style>\t\t\t\t\t\t\t\t\t\t<img fetchpriority=\"high\" decoding=\"async\" width=\"800\" height=\"437\" src=\"https:\/\/vandenbos-cm.nl\/wp-content\/uploads\/2023\/12\/image006.jpg\" class=\"attachment-large size-large wp-image-288\" alt=\"Bild des B\u00fcros Van Den Bos\" srcset=\"https:\/\/vandenbos-cm.nl\/wp-content\/uploads\/2023\/12\/image006.jpg 888w, https:\/\/vandenbos-cm.nl\/wp-content\/uploads\/2023\/12\/image006-300x164.jpg 300w, https:\/\/vandenbos-cm.nl\/wp-content\/uploads\/2023\/12\/image006-768x419.jpg 768w, https:\/\/vandenbos-cm.nl\/wp-content\/uploads\/2023\/12\/image006-18x10.jpg 18w\" sizes=\"(max-width: 800px) 100vw, 800px\" \/>\t\t\t\t\t\t\t\t\t\t\t\t\t<\/div>\n\t\t\t\t<\/div>\n\t\t\t\t\t<\/div>\n\t\t\t\t<\/div>\n\t\t<div class=\"elementor-element elementor-element-0dd22f2 e-flex e-con-boxed e-con e-child\" data-id=\"0dd22f2\" data-element_type=\"container\">\n\t\t\t\t\t<div class=\"e-con-inner\">\n\t\t\t\t<div class=\"elementor-element elementor-element-4ec0c4a elementor-widget elementor-widget-heading\" data-id=\"4ec0c4a\" data-element_type=\"widget\" data-widget_type=\"heading.default\">\n\t\t\t\t<div class=\"elementor-widget-container\">\n\t\t\t<h2 class=\"elementor-heading-title elementor-size-default\">Das <b>Team<\/b>.<\/h2>\t\t<\/div>\n\t\t\t\t<\/div>\n\t\t<div class=\"elementor-element elementor-element-d44e7cc e-flex e-con-boxed e-con e-child\" data-id=\"d44e7cc\" data-element_type=\"container\">\n\t\t\t\t\t<div class=\"e-con-inner\">\n\t\t\t\t<div class=\"elementor-element elementor-element-b93a078 elementor-widget elementor-widget-text-editor\" data-id=\"b93a078\" data-element_type=\"widget\" data-widget_type=\"text-editor.default\">\n\t\t\t\t<div class=\"elementor-widget-container\">\n\t\t\t\t\t\t\t<p>Unser Team besteht aus erfahrenen Fachleuten, die jeweils \u00fcber eine eigene Expertise verf\u00fcgen. Unsere Mitarbeiter denken st\u00e4ndig mit, finden L\u00f6sungen, geben ma\u00dfgeschneiderte Beratung und streben t\u00e4glich nach optimaler Kundenzufriedenheit. Denn obwohl es in diesem Bereich oft um Technik geht, sind wir fest davon \u00fcberzeugt, dass auch der Mensch den Unterschied macht.<\/p>\t\t\t\t\t\t<\/div>\n\t\t\t\t<\/div>\n\t\t\t\t\t<\/div>\n\t\t\t\t<\/div>\n\t\t\t\t\t<\/div>\n\t\t\t\t<\/div>\n\t\t\t\t\t<\/div>\n\t\t\t\t<\/div>\n\t\t<div class=\"elementor-element elementor-element-11cfeea e-flex e-con-boxed e-con e-parent\" data-id=\"11cfeea\" data-element_type=\"container\" data-settings=\"{&quot;background_background&quot;:&quot;classic&quot;}\">\n\t\t\t\t\t<div class=\"e-con-inner\">\n\t\t<div class=\"elementor-element elementor-element-657157a e-con-full e-flex e-con e-child\" data-id=\"657157a\" data-element_type=\"container\">\n\t\t\t\t<div class=\"elementor-element elementor-element-8146c6b elementor-widget elementor-widget-image\" data-id=\"8146c6b\" data-element_type=\"widget\" data-widget_type=\"image.default\">\n\t\t\t\t<div class=\"elementor-widget-container\">\n\t\t\t\t\t\t\t\t\t\t\t\t\t<img decoding=\"async\" width=\"535\" height=\"554\" src=\"https:\/\/vandenbos-cm.nl\/wp-content\/uploads\/2023\/12\/were-making-great-progress-cropped-shot-group-businesspeople-meeting-boardroom.jpg\" class=\"attachment-large size-large wp-image-289\" alt=\"\" srcset=\"https:\/\/vandenbos-cm.nl\/wp-content\/uploads\/2023\/12\/were-making-great-progress-cropped-shot-group-businesspeople-meeting-boardroom.jpg 535w, https:\/\/vandenbos-cm.nl\/wp-content\/uploads\/2023\/12\/were-making-great-progress-cropped-shot-group-businesspeople-meeting-boardroom-290x300.jpg 290w, https:\/\/vandenbos-cm.nl\/wp-content\/uploads\/2023\/12\/were-making-great-progress-cropped-shot-group-businesspeople-meeting-boardroom-12x12.jpg 12w\" sizes=\"(max-width: 535px) 100vw, 535px\" \/>\t\t\t\t\t\t\t\t\t\t\t\t\t<\/div>\n\t\t\t\t<\/div>\n\t\t\t\t<\/div>\n\t\t<div class=\"elementor-element elementor-element-4f55b3a e-con-full e-flex e-con e-child\" data-id=\"4f55b3a\" data-element_type=\"container\">\n\t\t\t\t<div class=\"elementor-element elementor-element-b047759 elementor-widget elementor-widget-heading\" data-id=\"b047759\" data-element_type=\"widget\" data-widget_type=\"heading.default\">\n\t\t\t\t<div class=\"elementor-widget-container\">\n\t\t\t<h2 class=\"elementor-heading-title elementor-size-default\"><b>Kurze Wege<\/b> und eine <br class=\"d-none d-md-block\">angenehme Zusammenarbeit.<\/h2>\t\t<\/div>\n\t\t\t\t<\/div>\n\t\t<div class=\"elementor-element elementor-element-e9fcf2e e-flex e-con-boxed e-con e-child\" data-id=\"e9fcf2e\" data-element_type=\"container\">\n\t\t\t\t\t<div class=\"e-con-inner\">\n\t\t\t\t<div class=\"elementor-element elementor-element-499d872 elementor-widget elementor-widget-text-editor\" data-id=\"499d872\" data-element_type=\"widget\" data-widget_type=\"text-editor.default\">\n\t\t\t\t<div class=\"elementor-widget-container\">\n\t\t\t\t\t\t\t<p>Mit Nachfolger Paul van den Bos, ist das Familienunternehmen in vertrauensvollen H\u00e4nden. Zusammen bilden er und sein Vater bzw. Gr\u00fcnder Jan van den Bos das Gesicht von Van den Bos-cm.\nPaul ist seit 2007 in allen Bereichen eng eingebunden und verfolgt die neuesten Entwicklungen genau. Paul wird als \u201ader frische Wind\u2018 im Unternehmen angesehen. Er ist energisch, entschlossen und extrem motiviert, jeden Tag alles f\u00fcr seine Kunden zu geben.<\/p>\t\t\t\t\t\t<\/div>\n\t\t\t\t<\/div>\n\t\t\t\t\t<\/div>\n\t\t\t\t<\/div>\n\t\t\t\t<div class=\"elementor-element elementor-element-b787675 elementor-widget elementor-widget-text-editor\" data-id=\"b787675\" data-element_type=\"widget\" data-widget_type=\"text-editor.default\">\n\t\t\t\t<div class=\"elementor-widget-container\">\n\t\t\t\t\t\t\t<p>\u201eTrotz des signifikanten Wachstums, das Van den Bos durchgemacht hat, ist der pers\u00f6nliche Charakter erhalten geblieben. Unsere Wege sind kurz, mit pers\u00f6nlichem Kontakt, einer angenehmen Zusammenarbeit und sehr gutem Service; 24 Stunden am Tag. Dies erreichen wir nur mit unserem Top-Team.\u201c<\/p><p>- Paul van den Bos<\/p>\t\t\t\t\t\t<\/div>\n\t\t\t\t<\/div>\n\t\t\t\t<\/div>\n\t\t\t\t\t<\/div>\n\t\t\t\t<\/div>\n\t\t<div class=\"elementor-element elementor-element-673af02 e-flex e-con-boxed e-con e-parent\" data-id=\"673af02\" data-element_type=\"container\" data-settings=\"{&quot;background_background&quot;:&quot;classic&quot;}\">\n\t\t\t\t\t<div class=\"e-con-inner\">\n\t\t<div class=\"elementor-element elementor-element-e637520 e-flex e-con-boxed e-con e-child\" data-id=\"e637520\" data-element_type=\"container\">\n\t\t\t\t\t<div class=\"e-con-inner\">\n\t\t\t\t<div class=\"elementor-element elementor-element-7908a07 elementor-widget elementor-widget-image\" data-id=\"7908a07\" data-element_type=\"widget\" data-widget_type=\"image.default\">\n\t\t\t\t<div class=\"elementor-widget-container\">\n\t\t\t\t\t\t\t\t\t\t\t\t\t<img decoding=\"async\" width=\"800\" height=\"437\" src=\"https:\/\/vandenbos-cm.nl\/wp-content\/uploads\/2023\/12\/Schermafbeelding-2023-05-23-om-11.23.43.jpg\" class=\"attachment-large size-large wp-image-290\" alt=\"\" srcset=\"\" sizes=\"(max-width: 800px) 100vw, 800px\" data-srcset=\"\" \/>\t\t\t\t\t\t\t\t\t\t\t\t\t<\/div>\n\t\t\t\t<\/div>\n\t\t\t\t\t<\/div>\n\t\t\t\t<\/div>\n\t\t<div class=\"elementor-element elementor-element-95777f5 e-flex e-con-boxed e-con e-child\" data-id=\"95777f5\" data-element_type=\"container\">\n\t\t\t\t\t<div class=\"e-con-inner\">\n\t\t\t\t<div class=\"elementor-element elementor-element-5f27834 elementor-widget elementor-widget-heading\" data-id=\"5f27834\" data-element_type=\"widget\" data-widget_type=\"heading.default\">\n\t\t\t\t<div class=\"elementor-widget-container\">\n\t\t\t<h2 class=\"elementor-heading-title elementor-size-default\">Ans\u00e4ssig in <b>Almelo<\/b>, <br \/>Ziel <b>Europa<\/b>.<\/h2>\t\t<\/div>\n\t\t\t\t<\/div>\n\t\t<div class=\"elementor-element elementor-element-ddc27b4 e-flex e-con-boxed e-con e-child\" data-id=\"ddc27b4\" data-element_type=\"container\">\n\t\t\t\t\t<div class=\"e-con-inner\">\n\t\t\t\t<div class=\"elementor-element elementor-element-a0a54db elementor-widget elementor-widget-text-editor\" data-id=\"a0a54db\" data-element_type=\"widget\" data-widget_type=\"text-editor.default\">\n\t\t\t\t<div class=\"elementor-widget-container\">\n\t\t\t\t\t\t\t<p>Van den Bos-cm ist ans\u00e4ssig in Almelo, in der N\u00e4he der deutschen Grenze. Von dort aus bedienen wir Kunden aus ganz Europa, wobei das Nachbarland Deutschland der wichtigste Abnehmer ist. Unsere Unternehmenskultur zeichnet sich durch eine typisch niederl\u00e4ndische, pragmatische Mentalit\u00e4t aus. Dies spiegelt sich in einem transparenten und authentischen Charakter wider.<\/p>\t\t\t\t\t\t<\/div>\n\t\t\t\t<\/div>\n\t\t\t\t\t<\/div>\n\t\t\t\t<\/div>\n\t\t\t\t\t<\/div>\n\t\t\t\t<\/div>\n\t\t\t\t\t<\/div>\n\t\t\t\t<\/div>\n\t\t<div class=\"elementor-element elementor-element-0dcac80 e-flex e-con-boxed e-con e-parent\" data-id=\"0dcac80\" data-element_type=\"container\">\n\t\t\t\t\t<div class=\"e-con-inner\">\n\t\t\t\t<div class=\"elementor-element elementor-element-76dea84 elementor-blockquote--skin-clean elementor-blockquote--align-center elementor-blockquote--button-color-official elementor-widget elementor-widget-blockquote\" data-id=\"76dea84\" data-element_type=\"widget\" data-widget_type=\"blockquote.default\">\n\t\t\t\t<div class=\"elementor-widget-container\">\n\t\t\t<style>\/*! elementor-pro - v3.18.0 - 06-12-2023 *\/\n@charset \"UTF-8\";.entry-content blockquote.elementor-blockquote:not(.alignright):not(.alignleft),.entry-summary blockquote.elementor-blockquote{margin-right:0;margin-left:0}.elementor-widget-blockquote blockquote{margin:0;padding:0;outline:0;font-size:100%;vertical-align:baseline;background:transparent;quotes:none;border:0;font-style:normal;color:#3f444b}.elementor-widget-blockquote blockquote .e-q-footer:after,.elementor-widget-blockquote blockquote .e-q-footer:before,.elementor-widget-blockquote blockquote:after,.elementor-widget-blockquote blockquote:before,.elementor-widget-blockquote blockquote cite:after,.elementor-widget-blockquote blockquote cite:before{content:none}.elementor-blockquote{transition:.3s}.elementor-blockquote__author,.elementor-blockquote__content{margin-bottom:0;font-style:normal}.elementor-blockquote__author{font-weight:700}.elementor-blockquote .e-q-footer{margin-top:12px;display:flex;justify-content:space-between}.elementor-blockquote__tweet-button{display:flex;transition:.3s;color:#1da1f2;align-self:flex-end;line-height:1;position:relative;width:-moz-max-content;width:max-content}.elementor-blockquote__tweet-button:hover{color:#0967a0}.elementor-blockquote__tweet-button span{font-weight:600}.elementor-blockquote__tweet-button i,.elementor-blockquote__tweet-button span{vertical-align:middle}.elementor-blockquote__tweet-button i+span,.elementor-blockquote__tweet-button svg+span{margin-left:.5em}.elementor-blockquote__tweet-button svg{fill:#1da1f2;height:1em;width:1em}.elementor-blockquote__tweet-label{white-space:pre-wrap}.elementor-blockquote--button-skin-bubble .elementor-blockquote__tweet-button,.elementor-blockquote--button-skin-classic .elementor-blockquote__tweet-button{padding:.7em 1.2em;border-radius:100em;background-color:#1da1f2;color:#fff;font-size:15px}.elementor-blockquote--button-skin-bubble .elementor-blockquote__tweet-button:hover,.elementor-blockquote--button-skin-classic .elementor-blockquote__tweet-button:hover{background-color:#0967a0;color:#fff}.elementor-blockquote--button-skin-bubble .elementor-blockquote__tweet-button:hover:before,.elementor-blockquote--button-skin-classic .elementor-blockquote__tweet-button:hover:before{border-right-color:#0967a0}.elementor-blockquote--button-skin-bubble .elementor-blockquote__tweet-button svg,.elementor-blockquote--button-skin-classic .elementor-blockquote__tweet-button svg{fill:#fff;height:1em;width:1em}.elementor-blockquote--button-skin-bubble.elementor-blockquote--button-view-icon .elementor-blockquote__tweet-button,.elementor-blockquote--button-skin-classic.elementor-blockquote--button-view-icon .elementor-blockquote__tweet-button{padding:0;width:2em;height:2em}.elementor-blockquote--button-skin-bubble.elementor-blockquote--button-view-icon .elementor-blockquote__tweet-button i,.elementor-blockquote--button-skin-classic.elementor-blockquote--button-view-icon .elementor-blockquote__tweet-button i{position:absolute;left:50%;top:50%;transform:translate(-50%,-50%)}.elementor-blockquote--button-skin-bubble .elementor-blockquote__tweet-button:before{content:\"\";border:.5em solid transparent;border-right-color:#1da1f2;position:absolute;left:-.8em;top:50%;transform:translateY(-50%) scaleY(.65);transition:.3s}.elementor-blockquote--button-skin-bubble.elementor-blockquote--align-left .elementor-blockquote__tweet-button:before{right:auto;left:-.8em;border-right-color:#1da1f2;border-left-color:transparent}.elementor-blockquote--button-skin-bubble.elementor-blockquote--align-left .elementor-blockquote__tweet-button:hover:before{border-right-color:#0967a0}.elementor-blockquote--button-skin-bubble.elementor-blockquote--align-right .elementor-blockquote__tweet-button:before{left:auto;right:-.8em;border-right-color:transparent;border-left-color:#1da1f2}.elementor-blockquote--button-skin-bubble.elementor-blockquote--align-right .elementor-blockquote__tweet-button:hover:before{border-left-color:#0967a0}.elementor-blockquote--skin-boxed .elementor-blockquote{background-color:#f9fafa;padding:30px}.elementor-blockquote--skin-border .elementor-blockquote{border-color:#f9fafa;border-left:7px #f9fafa;border-style:solid;padding-left:20px}.elementor-blockquote--skin-quotation .elementor-blockquote:before{content:\"\u201c\";font-size:100px;color:#f9fafa;font-family:Times New Roman,Times,serif;font-weight:900;line-height:1;display:block;height:.6em}.elementor-blockquote--skin-quotation .elementor-blockquote__content{margin-top:15px}.elementor-blockquote--align-left .elementor-blockquote__content{text-align:left}.elementor-blockquote--align-left .elementor-blockquote .e-q-footer{flex-direction:row}.elementor-blockquote--align-right .elementor-blockquote__content{text-align:right}.elementor-blockquote--align-right .elementor-blockquote .e-q-footer{flex-direction:row-reverse}.elementor-blockquote--align-center .elementor-blockquote{text-align:center}.elementor-blockquote--align-center .elementor-blockquote .e-q-footer,.elementor-blockquote--align-center .elementor-blockquote__author{display:block}.elementor-blockquote--align-center .elementor-blockquote__tweet-button{margin-right:auto;margin-left:auto}<\/style>\t\t<blockquote class=\"elementor-blockquote\">\n\t\t\t<p class=\"elementor-blockquote__content\">\n\t\t\t\tUnser Hauptziel ist es, Kunden jederzeit und \u00fcberall maximal zu unterst\u00fctzen, unabh\u00e4ngig von der Komplexit\u00e4t der Fragestellung. Dies erfordert viel ma\u00dfgeschneiderte L\u00f6sungen und Serviceorientierung.\t\t\t<\/p>\n\t\t\t\t\t\t\t<div class=\"e-q-footer\">\n\t\t\t\t\t\t\t\t\t\t\t<cite class=\"elementor-blockquote__author\">Gr\u00fcnder Jan van den Bos<\/cite>\n\t\t\t\t\t\t\t\t\t\t\t\t\t\t<\/div>\n\t\t\t\t\t<\/blockquote>\n\t\t\t\t<\/div>\n\t\t\t\t<\/div>\n\t\t\t\t\t<\/div>\n\t\t\t\t<\/div>\n\t\t<div class=\"elementor-element elementor-element-050973d e-flex e-con-boxed e-con e-parent\" data-id=\"050973d\" data-element_type=\"container\" data-settings=\"{&quot;background_background&quot;:&quot;classic&quot;}\">\n\t\t\t\t\t<div class=\"e-con-inner\">\n\t\t<div class=\"elementor-element elementor-element-1c665ab e-flex e-con-boxed e-con e-child\" data-id=\"1c665ab\" data-element_type=\"container\">\n\t\t\t\t\t<div class=\"e-con-inner\">\n\t\t\t\t<div class=\"elementor-element elementor-element-2df024e elementor-widget elementor-widget-image\" data-id=\"2df024e\" data-element_type=\"widget\" data-widget_type=\"image.default\">\n\t\t\t\t<div class=\"elementor-widget-container\">\n\t\t\t\t\t\t\t\t\t\t\t\t\t<img loading=\"lazy\" decoding=\"async\" width=\"800\" height=\"217\" src=\"https:\/\/vandenbos-cm.nl\/wp-content\/uploads\/2025\/10\/Afbeelding1-1024x278.jpg\" class=\"attachment-large size-large wp-image-645\" alt=\"\" srcset=\"https:\/\/vandenbos-cm.nl\/wp-content\/uploads\/2025\/10\/Afbeelding1-1024x278.jpg 1024w, https:\/\/vandenbos-cm.nl\/wp-content\/uploads\/2025\/10\/Afbeelding1-300x82.jpg 300w, https:\/\/vandenbos-cm.nl\/wp-content\/uploads\/2025\/10\/Afbeelding1-768x209.jpg 768w, https:\/\/vandenbos-cm.nl\/wp-content\/uploads\/2025\/10\/Afbeelding1-18x5.jpg 18w, https:\/\/vandenbos-cm.nl\/wp-content\/uploads\/2025\/10\/Afbeelding1.jpg 1390w\" sizes=\"(max-width: 800px) 100vw, 800px\" \/>\t\t\t\t\t\t\t\t\t\t\t\t\t<\/div>\n\t\t\t\t<\/div>\n\t\t\t\t\t<\/div>\n\t\t\t\t<\/div>\n\t\t<div class=\"elementor-element elementor-element-70242ff e-flex e-con-boxed e-con e-child\" data-id=\"70242ff\" data-element_type=\"container\">\n\t\t\t\t\t<div class=\"e-con-inner\">\n\t\t\t\t<div class=\"elementor-element elementor-element-ac168ca elementor-widget elementor-widget-heading\" data-id=\"ac168ca\" data-element_type=\"widget\" data-widget_type=\"heading.default\">\n\t\t\t\t<div class=\"elementor-widget-container\">\n\t\t\t<h2 class=\"elementor-heading-title elementor-size-default\"><b>PARADAIM<\/b> aus!<\/h2>\t\t<\/div>\n\t\t\t\t<\/div>\n\t\t<div class=\"elementor-element elementor-element-48f80cc e-flex e-con-boxed e-con e-child\" data-id=\"48f80cc\" data-element_type=\"container\">\n\t\t\t\t\t<div class=\"e-con-inner\">\n\t\t\t\t<div class=\"elementor-element elementor-element-b62e602 elementor-widget elementor-widget-text-editor\" data-id=\"b62e602\" data-element_type=\"widget\" data-widget_type=\"text-editor.default\">\n\t\t\t\t<div class=\"elementor-widget-container\">\n\t\t\t\t\t\t\t<p>K\u00fcrzlich wurde der EFRE-Zuschussantrag f\u00fcr das Innovationsprojekt PARADAIM genehmigt. Das bedeutet, dass wir gemeinsam mit anderen Partnern ein innovatives Kooperationsprojekt rund um die virtuelle Auftragsvergabe mit KI-Unterst\u00fctzung auf den Weg bringen. Das Projekt ist seither in vollem Gange und wird in den kommenden Jahren vielversprechende Ergebnisse liefern.<\/p>\t\t\t\t\t\t<\/div>\n\t\t\t\t<\/div>\n\t\t\t\t\t<\/div>\n\t\t\t\t<\/div>\n\t\t\t\t\t<\/div>\n\t\t\t\t<\/div>\n\t\t\t\t\t<\/div>\n\t\t\t\t<\/div>\n\t\t<div class=\"elementor-element elementor-element-12dc9ff e-flex e-con-boxed e-con e-parent\" data-id=\"12dc9ff\" data-element_type=\"container\" data-settings=\"{&quot;background_background&quot;:&quot;classic&quot;}\">\n\t\t\t\t\t<div class=\"e-con-inner\">\n\t\t\t\t<div class=\"elementor-element elementor-element-59deb96 elementor-widget elementor-widget-text-editor\" data-id=\"59deb96\" data-element_type=\"widget\" data-widget_type=\"text-editor.default\">\n\t\t\t\t<div class=\"elementor-widget-container\">\n\t\t\t\t\t\t\t<p>Im Rahmen des Innovationsprojekts PARADAIM arbeitet Van Den Bos Corrugated Machinery mit Produktionsunternehmen wie AWL, MechDes, Hollander Techniek, Verbruggen und HGG zusammen. Dar\u00fcber hinaus sind auch die Wissensinstitute Windeheim und die Universit\u00e4t Twente beteiligt. Das Projekt wird unter der Federf\u00fchrung von Perron038 durchgef\u00fchrt. Das Endziel des Projekts ist ein virtueller Produktentwicklungsprozess auf der Grundlage eines KI-gest\u00fctzten digitalen Modells f\u00fcr neue Maschinen, Sensoren und Steuerungssysteme.<\/p><p>Die Partner von PARADAIM setzen Datenerfassung und KI-Analytik f\u00fcr den Prozess des Entwurfs, der Entwicklung und der virtuellen Inbetriebnahme eines digitalen Modells neuer Produktionsmaschinen und -anlagen ein. Auf der Grundlage eines optimierten digitalen Modells wird dann der \"physische Zwilling\" der neuen Maschine oder Anlage realisiert. Neben einer Qualit\u00e4tsoptimierung und damit einem h\u00f6heren Marktwert des Endprodukts erwarten die Industriepartner auf diese Weise eine enorme Zeitersparnis bei der Entwicklung und Inbetriebnahme - und damit verbundene Kosten.<\/p><p>Die Wissensinstitutionen Windesheim und die Universit\u00e4t Twente sorgen f\u00fcr den Input des neuesten Wissens und dessen Verarbeitung in Technologie-Demonstratoren. Perron038 in Zwolle wird daf\u00fcr sorgen, dass das gesamte Wissen aus PARADAIM in der verarbeitenden Industrie verbreitet wird. Zu diesem Zweck werden im Zeitraum bis Mitte 2027 verschiedene Workshops und Wissensveranstaltungen organisiert.<\/p><p>PARADAIM wird von der Europ\u00e4ischen Union kofinanziert.<\/p><p>Bei Fragen zu PARADAIM wenden Sie sich bitte an Gerard Kadijk.<\/p>\t\t\t\t\t\t<\/div>\n\t\t\t\t<\/div>\n\t\t\t\t\t<\/div>\n\t\t\t\t<\/div>\n\t\t\t\t<\/div>","protected":false},"excerpt":{"rendered":"<p>Van den Bos-cm, seit 1999 Van den Bos corrugated machinery, fr\u00fcher bekannt als Van den Bos Sales &amp; Technical Services (STS), wurde 1999 von Jan van den Bos gegr\u00fcndet. Die Erfahrungen, die Jan van den Bos seit den fr\u00fchen 1970er Jahren als Betriebsleiter in der Wellpappenindustrie gesammelt hat, bilden die Grundlage f\u00fcr die heutigen Aktivit\u00e4ten des Unternehmens. [...]<\/p>","protected":false},"author":1,"featured_media":0,"parent":0,"menu_order":0,"comment_status":"closed","ping_status":"closed","template":"","meta":[],"_links":{"self":[{"href":"https:\/\/vandenbos-cm.nl\/de\/wp-json\/wp\/v2\/pages\/12"}],"collection":[{"href":"https:\/\/vandenbos-cm.nl\/de\/wp-json\/wp\/v2\/pages"}],"about":[{"href":"https:\/\/vandenbos-cm.nl\/de\/wp-json\/wp\/v2\/types\/page"}],"author":[{"embeddable":true,"href":"https:\/\/vandenbos-cm.nl\/de\/wp-json\/wp\/v2\/users\/1"}],"replies":[{"embeddable":true,"href":"https:\/\/vandenbos-cm.nl\/de\/wp-json\/wp\/v2\/comments?post=12"}],"version-history":[{"count":34,"href":"https:\/\/vandenbos-cm.nl\/de\/wp-json\/wp\/v2\/pages\/12\/revisions"}],"predecessor-version":[{"id":649,"href":"https:\/\/vandenbos-cm.nl\/de\/wp-json\/wp\/v2\/pages\/12\/revisions\/649"}],"wp:attachment":[{"href":"https:\/\/vandenbos-cm.nl\/de\/wp-json\/wp\/v2\/media?parent=12"}],"curies":[{"name":"wp","href":"https:\/\/api.w.org\/{rel}","templated":true}]}}