{"id":14,"date":"2023-12-13T13:56:55","date_gmt":"2023-12-13T13:56:55","guid":{"rendered":"https:\/\/vandenbos-cm.nl\/?page_id=14"},"modified":"2023-12-15T12:02:53","modified_gmt":"2023-12-15T12:02:53","slug":"produkte","status":"publish","type":"page","link":"https:\/\/vandenbos-cm.nl\/de\/produkte\/","title":{"rendered":"Produkte"},"content":{"rendered":"<div data-elementor-type=\"wp-page\" data-elementor-id=\"14\" class=\"elementor elementor-14\" data-elementor-post-type=\"page\">\n\t\t\t\t<div class=\"elementor-element elementor-element-5416cb1 e-flex e-con-boxed e-con e-parent\" data-id=\"5416cb1\" data-element_type=\"container\" data-settings=\"{&quot;background_background&quot;:&quot;video&quot;,&quot;background_video_start&quot;:0,&quot;background_play_on_mobile&quot;:&quot;yes&quot;,&quot;background_video_link&quot;:&quot;https:\\\/\\\/vimeo.com\\\/894888734?share=copy&quot;}\">\n\t\t\t\t\t<div class=\"e-con-inner\">\n\t\t<div class=\"elementor-background-video-container\">\n\t\t\t\t\t\t\t<div class=\"elementor-background-video-embed\"><\/div>\n\t\t\t\t\t\t<\/div>\t\t\t<\/div>\n\t\t\t\t<\/div>\n\t\t<div class=\"elementor-element elementor-element-180a565 e-flex e-con-boxed e-con e-parent\" data-id=\"180a565\" data-element_type=\"container\">\n\t\t\t\t\t<div class=\"e-con-inner\">\n\t\t\t\t<div class=\"elementor-element elementor-element-4a16fde elementor-widget elementor-widget-heading\" data-id=\"4a16fde\" data-element_type=\"widget\" data-widget_type=\"heading.default\">\n\t\t\t\t<div class=\"elementor-widget-container\">\n\t\t\t<style>\/*! elementor - v3.23.0 - 15-07-2024 *\/\n.elementor-heading-title{padding:0;margin:0;line-height:1}.elementor-widget-heading .elementor-heading-title[class*=elementor-size-]>a{color:inherit;font-size:inherit;line-height:inherit}.elementor-widget-heading .elementor-heading-title.elementor-size-small{font-size:15px}.elementor-widget-heading .elementor-heading-title.elementor-size-medium{font-size:19px}.elementor-widget-heading .elementor-heading-title.elementor-size-large{font-size:29px}.elementor-widget-heading .elementor-heading-title.elementor-size-xl{font-size:39px}.elementor-widget-heading .elementor-heading-title.elementor-size-xxl{font-size:59px}<\/style><h2 class=\"elementor-heading-title elementor-size-default\">Eine Revolution im <br>die <b>Wellpappenindustrie<\/b><\/h2>\t\t<\/div>\n\t\t\t\t<\/div>\n\t\t\t\t<div class=\"elementor-element elementor-element-db5cad4 elementor-widget elementor-widget-text-editor\" data-id=\"db5cad4\" data-element_type=\"widget\" data-widget_type=\"text-editor.default\">\n\t\t\t\t<div class=\"elementor-widget-container\">\n\t\t\t<style>\/*! elementor - v3.23.0 - 15-07-2024 *\/\n.elementor-widget-text-editor.elementor-drop-cap-view-stacked .elementor-drop-cap{background-color:#69727d;color:#fff}.elementor-widget-text-editor.elementor-drop-cap-view-framed .elementor-drop-cap{color:#69727d;border:3px solid;background-color:transparent}.elementor-widget-text-editor:not(.elementor-drop-cap-view-default) .elementor-drop-cap{margin-top:8px}.elementor-widget-text-editor:not(.elementor-drop-cap-view-default) .elementor-drop-cap-letter{width:1em;height:1em}.elementor-widget-text-editor .elementor-drop-cap{float:left;text-align:center;line-height:1;font-size:50px}.elementor-widget-text-editor .elementor-drop-cap-letter{display:inline-block}<\/style>\t\t\t\t<p>Unser fortschrittlicher Palettierroboter ist der Inbegriff von Effizienz und Innovation und wurde sorgf\u00e4ltig auf die Anforderungen der Wellpappenindustrie abgestimmt. Er wurde speziell f\u00fcr den nahtlosen Anschluss an Ihre Faltblattmaschine entwickelt und l\u00e4sst sich m\u00fchelos in Ihren Arbeitsablauf integrieren, um die Produktivit\u00e4t zu optimieren.<\/p>\t\t\t\t\t\t<\/div>\n\t\t\t\t<\/div>\n\t\t\t\t\t<\/div>\n\t\t\t\t<\/div>\n\t\t<div class=\"elementor-element elementor-element-068c9c0 e-flex e-con-boxed e-con e-parent\" data-id=\"068c9c0\" data-element_type=\"container\" data-settings=\"{&quot;background_background&quot;:&quot;classic&quot;}\">\n\t\t\t\t\t<div class=\"e-con-inner\">\n\t\t<div class=\"elementor-element elementor-element-34e34bd e-con-full e-flex e-con e-child\" data-id=\"34e34bd\" data-element_type=\"container\">\n\t\t\t\t<div class=\"elementor-element elementor-element-22b36f4 elementor-widget elementor-widget-image\" data-id=\"22b36f4\" data-element_type=\"widget\" data-widget_type=\"image.default\">\n\t\t\t\t<div class=\"elementor-widget-container\">\n\t\t\t<style>\/*! elementor - v3.23.0 - 15-07-2024 *\/\n.elementor-widget-image{text-align:center}.elementor-widget-image a{display:inline-block}.elementor-widget-image a img[src$=\".svg\"]{width:48px}.elementor-widget-image img{vertical-align:middle;display:inline-block}<\/style>\t\t\t\t\t\t\t\t\t\t<img fetchpriority=\"high\" decoding=\"async\" width=\"800\" height=\"408\" src=\"https:\/\/vandenbos-cm.nl\/wp-content\/uploads\/2023\/12\/IMG_0311.jpg\" class=\"attachment-large size-large wp-image-335\" alt=\"\" srcset=\"https:\/\/vandenbos-cm.nl\/wp-content\/uploads\/2023\/12\/IMG_0311.jpg 950w, https:\/\/vandenbos-cm.nl\/wp-content\/uploads\/2023\/12\/IMG_0311-300x153.jpg 300w, https:\/\/vandenbos-cm.nl\/wp-content\/uploads\/2023\/12\/IMG_0311-768x392.jpg 768w, https:\/\/vandenbos-cm.nl\/wp-content\/uploads\/2023\/12\/IMG_0311-18x9.jpg 18w\" sizes=\"(max-width: 800px) 100vw, 800px\" \/>\t\t\t\t\t\t\t\t\t\t\t\t\t<\/div>\n\t\t\t\t<\/div>\n\t\t\t\t<\/div>\n\t\t<div class=\"elementor-element elementor-element-bc6aacd e-con-full e-flex e-con e-child\" data-id=\"bc6aacd\" data-element_type=\"container\">\n\t\t\t\t<div class=\"elementor-element elementor-element-7b25185 elementor-widget elementor-widget-heading\" data-id=\"7b25185\" data-element_type=\"widget\" data-widget_type=\"heading.default\">\n\t\t\t\t<div class=\"elementor-widget-container\">\n\t\t\t<h2 class=\"elementor-heading-title elementor-size-default\">Was <b>diese Maschine<\/b> wirklich auff\u00e4llt, ist die <b>Anpassungsf\u00e4higkeit<\/b>. <\/h2>\t\t<\/div>\n\t\t\t\t<\/div>\n\t\t<div class=\"elementor-element elementor-element-4c172a1 e-flex e-con-boxed e-con e-child\" data-id=\"4c172a1\" data-element_type=\"container\">\n\t\t\t\t\t<div class=\"e-con-inner\">\n\t\t\t\t<div class=\"elementor-element elementor-element-09cdce3 elementor-widget elementor-widget-text-editor\" data-id=\"09cdce3\" data-element_type=\"widget\" data-widget_type=\"text-editor.default\">\n\t\t\t\t<div class=\"elementor-widget-container\">\n\t\t\t\t\t\t\t<p>Genie\u00dfen Sie volle Flexibilit\u00e4t bei den Stapelmustern, die sich genau an Ihre Bed\u00fcrfnisse anpassen lassen. Und wenn ein vordefiniertes Muster nicht Ihren Anforderungen entspricht, k\u00f6nnen Sie mit unserem \"Expertenmodus\" Ihr eigenes Stapelmuster erstellen, das eine un\u00fcbertroffene Vielseitigkeit bietet.<\/p>\t\t\t\t\t\t<\/div>\n\t\t\t\t<\/div>\n\t\t\t\t\t<\/div>\n\t\t\t\t<\/div>\n\t\t\t\t<\/div>\n\t\t\t\t\t<\/div>\n\t\t\t\t<\/div>\n\t\t<div class=\"elementor-element elementor-element-9faa9ec e-flex e-con-boxed e-con e-parent\" data-id=\"9faa9ec\" data-element_type=\"container\" data-settings=\"{&quot;background_background&quot;:&quot;classic&quot;}\">\n\t\t\t\t\t<div class=\"e-con-inner\">\n\t\t<div class=\"elementor-element elementor-element-3db65ff e-flex e-con-boxed e-con e-child\" data-id=\"3db65ff\" data-element_type=\"container\">\n\t\t\t\t\t<div class=\"e-con-inner\">\n\t\t\t\t<div class=\"elementor-element elementor-element-3de5d51 elementor-widget elementor-widget-image\" data-id=\"3de5d51\" data-element_type=\"widget\" data-widget_type=\"image.default\">\n\t\t\t\t<div class=\"elementor-widget-container\">\n\t\t\t\t\t\t\t\t\t\t\t\t\t<img decoding=\"async\" width=\"800\" height=\"408\" src=\"https:\/\/vandenbos-cm.nl\/wp-content\/uploads\/2023\/12\/IMG_6308.jpg\" class=\"attachment-large size-large wp-image-336\" alt=\"\" srcset=\"https:\/\/vandenbos-cm.nl\/wp-content\/uploads\/2023\/12\/IMG_6308.jpg 950w, https:\/\/vandenbos-cm.nl\/wp-content\/uploads\/2023\/12\/IMG_6308-300x153.jpg 300w, https:\/\/vandenbos-cm.nl\/wp-content\/uploads\/2023\/12\/IMG_6308-768x392.jpg 768w, https:\/\/vandenbos-cm.nl\/wp-content\/uploads\/2023\/12\/IMG_6308-18x9.jpg 18w\" sizes=\"(max-width: 800px) 100vw, 800px\" \/>\t\t\t\t\t\t\t\t\t\t\t\t\t<\/div>\n\t\t\t\t<\/div>\n\t\t\t\t\t<\/div>\n\t\t\t\t<\/div>\n\t\t<div class=\"elementor-element elementor-element-f926079 e-flex e-con-boxed e-con e-child\" data-id=\"f926079\" data-element_type=\"container\">\n\t\t\t\t\t<div class=\"e-con-inner\">\n\t\t\t\t<div class=\"elementor-element elementor-element-2c25495 elementor-widget elementor-widget-heading\" data-id=\"2c25495\" data-element_type=\"widget\" data-widget_type=\"heading.default\">\n\t\t\t\t<div class=\"elementor-widget-container\">\n\t\t\t<h2 class=\"elementor-heading-title elementor-size-default\">Der Beweis f\u00fcr <b>Nachhaltigkeit<\/b> \nund <b>Robustheit<\/b><\/h2>\t\t<\/div>\n\t\t\t\t<\/div>\n\t\t<div class=\"elementor-element elementor-element-ef589e1 e-flex e-con-boxed e-con e-child\" data-id=\"ef589e1\" data-element_type=\"container\">\n\t\t\t\t\t<div class=\"e-con-inner\">\n\t\t\t\t<div class=\"elementor-element elementor-element-d632373 elementor-widget elementor-widget-text-editor\" data-id=\"d632373\" data-element_type=\"widget\" data-widget_type=\"text-editor.default\">\n\t\t\t\t<div class=\"elementor-widget-container\">\n\t\t\t\t\t\t\t<p>Diese in den Niederlanden gefertigte und sorgf\u00e4ltig produzierte Maschine verk\u00f6rpert das Markenzeichen niederl\u00e4ndischer Ingenieurskunst: hohe Qualit\u00e4t und Zuverl\u00e4ssigkeit. Entwickelt f\u00fcr den 24\/7-Betrieb, ist sie ein Beweis f\u00fcr Langlebigkeit und Robustheit und gew\u00e4hrleistet eine kontinuierliche, ununterbrochene Leistung f\u00fcr Ihren Betrieb.<\/p>\t\t\t\t\t\t<\/div>\n\t\t\t\t<\/div>\n\t\t\t\t\t<\/div>\n\t\t\t\t<\/div>\n\t\t\t\t\t<\/div>\n\t\t\t\t<\/div>\n\t\t\t\t\t<\/div>\n\t\t\t\t<\/div>\n\t\t<div class=\"elementor-element elementor-element-78c8d97 e-flex e-con-boxed e-con e-parent\" data-id=\"78c8d97\" data-element_type=\"container\">\n\t\t\t\t\t<div class=\"e-con-inner\">\n\t\t\t\t<div class=\"elementor-element elementor-element-6795566 elementor-widget elementor-widget-heading\" data-id=\"6795566\" data-element_type=\"widget\" data-widget_type=\"heading.default\">\n\t\t\t\t<div class=\"elementor-widget-container\">\n\t\t\t<p class=\"elementor-heading-title elementor-size-default\">Erleben Sie die <b>Zukunft<\/b> der Stapeltechnologie mit unserem <b>Roboter-Palettierer.<\/b> Erh\u00f6hen Sie Ihre Produktionskapazit\u00e4ten, schalten Sie <b>konkurrenzlos<\/b> Flexibilit\u00e4t und Umarmung <b>Effizienz<\/b> wie nie zuvor.<\/p>\t\t<\/div>\n\t\t\t\t<\/div>\n\t\t\t\t<div class=\"elementor-element elementor-element-994576f elementor-widget-divider--view-line elementor-widget elementor-widget-divider\" data-id=\"994576f\" data-element_type=\"widget\" data-widget_type=\"divider.default\">\n\t\t\t\t<div class=\"elementor-widget-container\">\n\t\t\t<style>\/*! elementor - v3.23.0 - 15-07-2024 *\/\n.elementor-widget-divider{--divider-border-style:none;--divider-border-width:1px;--divider-color:#0c0d0e;--divider-icon-size:20px;--divider-element-spacing:10px;--divider-pattern-height:24px;--divider-pattern-size:20px;--divider-pattern-url:none;--divider-pattern-repeat:repeat-x}.elementor-widget-divider .elementor-divider{display:flex}.elementor-widget-divider .elementor-divider__text{font-size:15px;line-height:1;max-width:95%}.elementor-widget-divider .elementor-divider__element{margin:0 var(--divider-element-spacing);flex-shrink:0}.elementor-widget-divider .elementor-icon{font-size:var(--divider-icon-size)}.elementor-widget-divider .elementor-divider-separator{display:flex;margin:0;direction:ltr}.elementor-widget-divider--view-line_icon .elementor-divider-separator,.elementor-widget-divider--view-line_text .elementor-divider-separator{align-items:center}.elementor-widget-divider--view-line_icon .elementor-divider-separator:after,.elementor-widget-divider--view-line_icon .elementor-divider-separator:before,.elementor-widget-divider--view-line_text .elementor-divider-separator:after,.elementor-widget-divider--view-line_text .elementor-divider-separator:before{display:block;content:\"\";border-block-end:0;flex-grow:1;border-block-start:var(--divider-border-width) var(--divider-border-style) var(--divider-color)}.elementor-widget-divider--element-align-left .elementor-divider .elementor-divider-separator>.elementor-divider__svg:first-of-type{flex-grow:0;flex-shrink:100}.elementor-widget-divider--element-align-left .elementor-divider-separator:before{content:none}.elementor-widget-divider--element-align-left .elementor-divider__element{margin-left:0}.elementor-widget-divider--element-align-right .elementor-divider .elementor-divider-separator>.elementor-divider__svg:last-of-type{flex-grow:0;flex-shrink:100}.elementor-widget-divider--element-align-right .elementor-divider-separator:after{content:none}.elementor-widget-divider--element-align-right .elementor-divider__element{margin-right:0}.elementor-widget-divider--element-align-start .elementor-divider .elementor-divider-separator>.elementor-divider__svg:first-of-type{flex-grow:0;flex-shrink:100}.elementor-widget-divider--element-align-start .elementor-divider-separator:before{content:none}.elementor-widget-divider--element-align-start .elementor-divider__element{margin-inline-start:0}.elementor-widget-divider--element-align-end .elementor-divider .elementor-divider-separator>.elementor-divider__svg:last-of-type{flex-grow:0;flex-shrink:100}.elementor-widget-divider--element-align-end .elementor-divider-separator:after{content:none}.elementor-widget-divider--element-align-end .elementor-divider__element{margin-inline-end:0}.elementor-widget-divider:not(.elementor-widget-divider--view-line_text):not(.elementor-widget-divider--view-line_icon) .elementor-divider-separator{border-block-start:var(--divider-border-width) var(--divider-border-style) var(--divider-color)}.elementor-widget-divider--separator-type-pattern{--divider-border-style:none}.elementor-widget-divider--separator-type-pattern.elementor-widget-divider--view-line .elementor-divider-separator,.elementor-widget-divider--separator-type-pattern:not(.elementor-widget-divider--view-line) .elementor-divider-separator:after,.elementor-widget-divider--separator-type-pattern:not(.elementor-widget-divider--view-line) .elementor-divider-separator:before,.elementor-widget-divider--separator-type-pattern:not([class*=elementor-widget-divider--view]) .elementor-divider-separator{width:100%;min-height:var(--divider-pattern-height);-webkit-mask-size:var(--divider-pattern-size) 100%;mask-size:var(--divider-pattern-size) 100%;-webkit-mask-repeat:var(--divider-pattern-repeat);mask-repeat:var(--divider-pattern-repeat);background-color:var(--divider-color);-webkit-mask-image:var(--divider-pattern-url);mask-image:var(--divider-pattern-url)}.elementor-widget-divider--no-spacing{--divider-pattern-size:auto}.elementor-widget-divider--bg-round{--divider-pattern-repeat:round}.rtl .elementor-widget-divider .elementor-divider__text{direction:rtl}.e-con-inner>.elementor-widget-divider,.e-con>.elementor-widget-divider{width:var(--container-widget-width,100%);--flex-grow:var(--container-widget-flex-grow)}<\/style>\t\t<div class=\"elementor-divider\">\n\t\t\t<span class=\"elementor-divider-separator\">\n\t\t\t\t\t\t<\/span>\n\t\t<\/div>\n\t\t\t\t<\/div>\n\t\t\t\t<\/div>\n\t\t\t\t<div class=\"elementor-element elementor-element-32d8efa elementor-widget elementor-widget-heading\" data-id=\"32d8efa\" data-element_type=\"widget\" data-widget_type=\"heading.default\">\n\t\t\t\t<div class=\"elementor-widget-container\">\n\t\t\t<span class=\"elementor-heading-title elementor-size-default\">Erfahren Sie mehr \u00fcber unsere L\u00f6sungen und kontaktieren Sie uns.<br><a href=\"mailto:claudia@vandenbos-cm.nl\"><b>E-Mail<\/b><\/a> kontaktieren oder anrufen unter der Nummer <a href=\"tel:+31546473441\"><b>+31 (0)546 - 47 34 41<\/b><\/a><\/span>\t\t<\/div>\n\t\t\t\t<\/div>\n\t\t\t\t\t<\/div>\n\t\t\t\t<\/div>\n\t\t\t\t<\/div>","protected":false},"excerpt":{"rendered":"<p>Eine Revolution in der Wellpappenindustrie Unser fortschrittlicher Palettierroboter ist der Inbegriff von Effizienz und Innovation und wurde sorgf\u00e4ltig auf die Anforderungen der Wellpappenindustrie abgestimmt. Er wurde speziell f\u00fcr den nahtlosen Anschluss an Ihre Faltblattmaschine entwickelt und l\u00e4sst sich m\u00fchelos in Ihren Arbeitsablauf integrieren, um die Produktivit\u00e4t zu optimieren. Was diese Maschine wirklich auszeichnet, ist [...]<\/p>","protected":false},"author":1,"featured_media":0,"parent":0,"menu_order":0,"comment_status":"closed","ping_status":"closed","template":"","meta":[],"_links":{"self":[{"href":"https:\/\/vandenbos-cm.nl\/de\/wp-json\/wp\/v2\/pages\/14"}],"collection":[{"href":"https:\/\/vandenbos-cm.nl\/de\/wp-json\/wp\/v2\/pages"}],"about":[{"href":"https:\/\/vandenbos-cm.nl\/de\/wp-json\/wp\/v2\/types\/page"}],"author":[{"embeddable":true,"href":"https:\/\/vandenbos-cm.nl\/de\/wp-json\/wp\/v2\/users\/1"}],"replies":[{"embeddable":true,"href":"https:\/\/vandenbos-cm.nl\/de\/wp-json\/wp\/v2\/comments?post=14"}],"version-history":[{"count":13,"href":"https:\/\/vandenbos-cm.nl\/de\/wp-json\/wp\/v2\/pages\/14\/revisions"}],"predecessor-version":[{"id":346,"href":"https:\/\/vandenbos-cm.nl\/de\/wp-json\/wp\/v2\/pages\/14\/revisions\/346"}],"wp:attachment":[{"href":"https:\/\/vandenbos-cm.nl\/de\/wp-json\/wp\/v2\/media?parent=14"}],"curies":[{"name":"wp","href":"https:\/\/api.w.org\/{rel}","templated":true}]}}