{"id":16,"date":"2023-12-13T13:57:02","date_gmt":"2023-12-13T13:57:02","guid":{"rendered":"https:\/\/vandenbos-cm.nl\/?page_id=16"},"modified":"2024-09-04T08:40:06","modified_gmt":"2024-09-04T08:40:06","slug":"freie-stellen","status":"publish","type":"page","link":"https:\/\/vandenbos-cm.nl\/de\/freie-stellen\/","title":{"rendered":"Stellenangebote"},"content":{"rendered":"<div data-elementor-type=\"wp-page\" data-elementor-id=\"16\" class=\"elementor elementor-16\" data-elementor-post-type=\"page\">\n\t\t\t\t<div class=\"elementor-element elementor-element-3bafa8c e-flex e-con-boxed e-con e-parent\" data-id=\"3bafa8c\" data-element_type=\"container\" data-settings=\"{&quot;background_background&quot;:&quot;video&quot;,&quot;background_video_start&quot;:0,&quot;background_play_on_mobile&quot;:&quot;yes&quot;,&quot;background_video_link&quot;:&quot;https:\\\/\\\/vimeo.com\\\/894876008&quot;}\">\n\t\t\t\t\t<div class=\"e-con-inner\">\n\t\t<div class=\"elementor-background-video-container\">\n\t\t\t\t\t\t\t<div class=\"elementor-background-video-embed\"><\/div>\n\t\t\t\t\t\t<\/div>\t\t<div class=\"elementor-element elementor-element-137ab20 elementor-widget elementor-widget-heading\" data-id=\"137ab20\" data-element_type=\"widget\" data-widget_type=\"heading.default\">\n\t\t\t\t<div class=\"elementor-widget-container\">\n\t\t\t<style>\/*! elementor - v3.23.0 - 15-07-2024 *\/\n.elementor-heading-title{padding:0;margin:0;line-height:1}.elementor-widget-heading .elementor-heading-title[class*=elementor-size-]>a{color:inherit;font-size:inherit;line-height:inherit}.elementor-widget-heading .elementor-heading-title.elementor-size-small{font-size:15px}.elementor-widget-heading .elementor-heading-title.elementor-size-medium{font-size:19px}.elementor-widget-heading .elementor-heading-title.elementor-size-large{font-size:29px}.elementor-widget-heading .elementor-heading-title.elementor-size-xl{font-size:39px}.elementor-widget-heading .elementor-heading-title.elementor-size-xxl{font-size:59px}<\/style><style>.elementor-element-137ab20{display:none !important}<\/style>\t\t<\/div>\n\t\t\t\t<\/div>\n\t\t\t\t<div class=\"elementor-element elementor-element-88b4d6e elementor-widget elementor-widget-heading\" data-id=\"88b4d6e\" data-element_type=\"widget\" data-no-translation=\"\" data-widget_type=\"heading.default\">\n\t\t\t\t<div class=\"elementor-widget-container\">\n\t\t\t<h2 class=\"elementor-heading-title elementor-size-default\">Wo <b>Menschen<\/b> die<br\/><b>Unterschied<\/b> machen.<\/h2>\t\t<\/div>\n\t\t\t\t<\/div>\n\t\t<div class=\"elementor-element elementor-element-41a5048 e-con-full e-flex e-con e-child\" data-id=\"41a5048\" data-element_type=\"container\" data-settings=\"{&quot;background_background&quot;:&quot;classic&quot;}\">\n\t\t\t\t<div class=\"elementor-element elementor-element-29f06ec elementor-widget elementor-widget-text-editor\" data-id=\"29f06ec\" data-element_type=\"widget\" data-widget_type=\"text-editor.default\">\n\t\t\t\t<div class=\"elementor-widget-container\">\n\t\t\t<style>\/*! elementor - v3.23.0 - 15-07-2024 *\/\n.elementor-widget-text-editor.elementor-drop-cap-view-stacked .elementor-drop-cap{background-color:#69727d;color:#fff}.elementor-widget-text-editor.elementor-drop-cap-view-framed .elementor-drop-cap{color:#69727d;border:3px solid;background-color:transparent}.elementor-widget-text-editor:not(.elementor-drop-cap-view-default) .elementor-drop-cap{margin-top:8px}.elementor-widget-text-editor:not(.elementor-drop-cap-view-default) .elementor-drop-cap-letter{width:1em;height:1em}.elementor-widget-text-editor .elementor-drop-cap{float:left;text-align:center;line-height:1;font-size:50px}.elementor-widget-text-editor .elementor-drop-cap-letter{display:inline-block}<\/style>\t\t\t\t<p class=\"translation-block\">Wir suchen Menschen, die den Unterschied machen.<\/p>\t\t\t\t\t\t<\/div>\n\t\t\t\t<\/div>\n\t\t\t\t<div class=\"elementor-element elementor-element-29d3c4b elementor-align-center elementor-absolute elementor-widget elementor-widget-button\" data-id=\"29d3c4b\" data-element_type=\"widget\" data-settings=\"{&quot;_position&quot;:&quot;absolute&quot;}\" data-widget_type=\"button.default\">\n\t\t\t\t<div class=\"elementor-widget-container\">\n\t\t\t\t\t<div class=\"elementor-button-wrapper\">\n\t\t\t<a class=\"elementor-button elementor-button-link elementor-size-sm\" href=\"#vacatures\">\n\t\t\t\t\t\t<span class=\"elementor-button-content-wrapper\">\n\t\t\t\t\t\t<span class=\"elementor-button-icon\">\n\t\t\t\t<svg aria-hidden=\"true\" class=\"e-font-icon-svg e-fas-chevron-right\" viewbox=\"0 0 320 512\" xmlns=\"http:\/\/www.w3.org\/2000\/svg\"><path d=\"M285.476 272.971L91.132 467.314c-9.373 9.373-24.569 9.373-33.941 0l-22.667-22.667c-9.357-9.357-9.375-24.522-.04-33.901L188.505 256 34.484 101.255c-9.335-9.379-9.317-24.544.04-33.901l22.667-22.667c9.373-9.373 24.569-9.373 33.941 0L285.475 239.03c9.373 9.372 9.373 24.568.001 33.941z\"><\/path><\/svg>\t\t\t<\/span>\n\t\t\t\t\t\t\t\t\t<span class=\"elementor-button-text\">Sehen Sie sich unten unsere Stellenangebote an<\/span>\n\t\t\t\t\t<\/span>\n\t\t\t\t\t<\/a>\n\t\t<\/div>\n\t\t\t\t<\/div>\n\t\t\t\t<\/div>\n\t\t\t\t<\/div>\n\t\t\t\t\t<\/div>\n\t\t\t\t<\/div>\n\t\t<div class=\"elementor-element elementor-element-5b93a9c e-flex e-con-boxed e-con e-parent\" data-id=\"5b93a9c\" data-element_type=\"container\">\n\t\t\t\t\t<div class=\"e-con-inner\">\n\t\t\t\t<div class=\"elementor-element elementor-element-51dacd9 elementor-widget elementor-widget-text-editor\" data-id=\"51dacd9\" data-element_type=\"widget\" data-widget_type=\"text-editor.default\">\n\t\t\t\t<div class=\"elementor-widget-container\">\n\t\t\t\t\t\t\t<p>Um unser Team zu erweitern, suchen wir Kandidaten, die die untenstehenden Stellenangebote besetzen. Du wirst mit etwa 35 Kollegen an der Umsetzung innovativer Projekte f\u00fcr nationale und internationale Auftraggeber arbeiten. M\u00f6chtest du in einem innovativen Unternehmen arbeiten, das Gesamtl\u00f6sungen und ma\u00dfgeschneiderte L\u00f6sungen bietet?\u00a0<\/p>\t\t\t\t\t\t<\/div>\n\t\t\t\t<\/div>\n\t\t\t\t\t<\/div>\n\t\t\t\t<\/div>\n\t\t<div class=\"elementor-element elementor-element-5b69f6c e-con-full e-flex e-con e-parent\" data-id=\"5b69f6c\" data-element_type=\"container\">\n\t\t\t\t<div class=\"elementor-element elementor-element-39d4ea4 elementor-grid-1 elementor-grid-tablet-2 elementor-grid-mobile-1 elementor-widget elementor-widget-loop-grid\" data-id=\"39d4ea4\" data-element_type=\"widget\" data-settings=\"{&quot;template_id&quot;:211,&quot;columns&quot;:1,&quot;row_gap&quot;:{&quot;unit&quot;:&quot;px&quot;,&quot;size&quot;:30,&quot;sizes&quot;:[]},&quot;_skin&quot;:&quot;post&quot;,&quot;columns_tablet&quot;:&quot;2&quot;,&quot;columns_mobile&quot;:&quot;1&quot;,&quot;edit_handle_selector&quot;:&quot;[data-elementor-type=\\&quot;loop-item\\&quot;]&quot;,&quot;row_gap_tablet&quot;:{&quot;unit&quot;:&quot;px&quot;,&quot;size&quot;:&quot;&quot;,&quot;sizes&quot;:[]},&quot;row_gap_mobile&quot;:{&quot;unit&quot;:&quot;px&quot;,&quot;size&quot;:&quot;&quot;,&quot;sizes&quot;:[]}}\" data-widget_type=\"loop-grid.post\">\n\t\t\t\t<div class=\"elementor-widget-container\">\n\t\t\t<link rel=\"stylesheet\" href=\"https:\/\/vandenbos-cm.nl\/wp-content\/plugins\/elementor-pro\/assets\/css\/widget-loop-builder.min.css\">\t\t<div class=\"elementor-loop-container elementor-grid\">\n\t\t<style id=\"loop-211\">.elementor-211 .elementor-element.elementor-element-9a9da5d{--display:flex;--background-transition:0.3s;--padding-top:48px;--padding-bottom:48px;--padding-left:0px;--padding-right:0px;}.elementor-211 .elementor-element.elementor-element-f5d8cc2{text-align:center;}.elementor-211 .elementor-element.elementor-element-f5d8cc2 .elementor-heading-title{color:var( --e-global-color-text );}.elementor-211 .elementor-element.elementor-element-5bd40b6{width:var( --container-widget-width, 80% );max-width:80%;--container-widget-width:80%;--container-widget-flex-grow:0;}.elementor-211 .elementor-element.elementor-element-5bd40b6.elementor-element{--align-self:center;}\/* Start custom CSS for theme-post-content, class: .elementor-element-5bd40b6 *\/.elementor-211 .elementor-element.elementor-element-5bd40b6 a, .elementor-211 .elementor-element.elementor-element-5bd40b6 h2 {\n    color:var(--e-global-color-primary);\n}\/* End custom CSS *\/<\/style>\t\t<div data-elementor-type=\"loop-item\" data-elementor-id=\"211\" class=\"elementor elementor-211 e-loop-item e-loop-item-672 post-672 post type-post status-publish format-standard hentry category-vacature\" data-elementor-post-type=\"elementor_library\" data-custom-edit-handle=\"1\">\n\t\t\t\t\t<div class=\"elementor-section-wrap\">\n\t\t\t\t\t\t<div class=\"elementor-element elementor-element-9a9da5d e-con-full vacature-container e-flex e-con e-parent\" data-id=\"9a9da5d\" data-element_type=\"container\">\n\t\t\t\t<div class=\"elementor-element elementor-element-f5d8cc2 elementor-widget elementor-widget-theme-post-title elementor-page-title elementor-widget-heading\" data-id=\"f5d8cc2\" data-element_type=\"widget\" data-widget_type=\"theme-post-title.default\">\n\t\t\t\t<div class=\"elementor-widget-container\">\n\t\t\t<h2 class=\"elementor-heading-title elementor-size-default\"><strong>Wollen Sie unser Team als Mechaniker verst\u00e4rken?<\/strong><\/h2>\t\t<\/div>\n\t\t\t\t<\/div>\n\t\t\t\t<div class=\"elementor-element elementor-element-5bd40b6 elementor-widget__width-initial elementor-widget elementor-widget-theme-post-content\" data-id=\"5bd40b6\" data-element_type=\"widget\" data-widget_type=\"theme-post-content.default\">\n\t\t\t\t<div class=\"elementor-widget-container\">\n\t\t\t\n<p class=\"translation-block\">Bei <strong>Van den Bos cm<\/strong> entwickeln und bauen wir Transport- und Robotersysteme f\u00fcr die Wellpappenindustrie. Von kompletten Werkstransportlinien bis hin zu fortschrittlichen Multipack-Maschinen mit Robotern. Alles, was wir liefern, wird komplett im eigenen Haus realisiert: mechanisch, elektrisch und softwaretechnisch.<\/p>\n\n\n\n<p>Diese Stelle ist entstanden, weil ein Kollege intern weitergezogen ist. Daher suchen wir einen Mechaniker auf MBO-Niveau 3\/4, der bei der Konstruktion, Installation und Inbetriebnahme unserer Maschinen und Anlagen mitwirken m\u00f6chte.<\/p>\n\n\n\n<h2><strong>Was werden Sie tun? <\/strong><\/h2>\n\n\n\n<p>Als Monteur\/in arbeiten Sie abwechselnd in unserer Werkstatt in Almelo und bei Kunden in Europa. Sie nehmen an der Montage und Inbetriebnahme von Maschinen und F\u00f6rderanlagen teil und sind ein wichtiger Ansprechpartner vor Ort f\u00fcr die praktische und technische Koordination.<br><br>W\u00e4hrend der Arbeit vor Ort repr\u00e4sentieren Sie Van den Bos cm gegen\u00fcber dem Kunden. Sie arbeiten professionell und sorgf\u00e4ltig und kommunizieren klar \u00fcber Fortschritt, Sicherheit und Vereinbarungen.<\/p>\n\n\n\n<p><strong>Zu Ihren Aufgaben geh\u00f6ren:<\/strong><\/p>\n\n\n\n<ul>\n<li>Mechanische und elektrische Vorbereitung und Montage von Maschinenteilen in der Werkstatt.<\/li>\n\n\n\n<li>Aufstellen, Anschlie\u00dfen und Pr\u00fcfen von Maschinen und F\u00f6rdersystemen beim Kunden.<\/li>\n\n\n\n<li>Mitwirkung bei der Inbetriebnahme von Anlagen.<\/li>\n\n\n\n<li>Anschluss und \u00dcberpr\u00fcfung von elektrischen Komponenten, Sensoren und Pneumatik.<\/li>\n\n\n\n<li>Ermitteln Sie Abweichungen oder Engp\u00e4sse und besprechen Sie sie mit dem Projektleiter.<\/li>\n\n\n\n<li>Bei Fragen zur Software wenden Sie sich bitte an den Software-Ingenieur.<\/li>\n\n\n\n<li>Arbeiten Sie nach den Sicherheits- und Qualit\u00e4tsrichtlinien.<\/li>\n<\/ul>\n\n\n\n<p>Im Durchschnitt werden Sie etwa 40% vor Ort und 60% in der Werkstatt arbeiten.<\/p>\n\n\n\n<h2><strong>Was bringen Sie mit?<\/strong><\/h2>\n\n\n\n<p>Sie haben eine praktische Einstellung, technisches Verst\u00e4ndnis und gute Teamf\u00e4higkeit. Sie kommunizieren klar mit Kollegen und Kunden und f\u00fchlen sich f\u00fcr Ihre eigene Arbeit verantwortlich.<\/p>\n\n\n\n<ul>\n<li>MBO Stufe 3 oder 4 in Maschinenbau (und Affinit\u00e4t zur Elektrotechnik), Elektrotechnik, Mechatronik oder \u00e4hnlichem.<\/li>\n\n\n\n<li>Technisches Verst\u00e4ndnis und analytische F\u00e4higkeiten.<\/li>\n\n\n\n<li>Erfahrung im Bereich Maschinenbau oder Wirtschaftsingenieurwesen ist von Vorteil.<\/li>\n\n\n\n<li>Grundkenntnisse der Pneumatik.<\/li>\n\n\n\n<li>Gute Kommunikationsf\u00e4higkeiten.<\/li>\n\n\n\n<li>Bereitschaft, innerhalb Europas vor Ort zu arbeiten.<\/li>\n\n\n\n<li>Sicheres Arbeiten ist Ihre oberste Priorit\u00e4t.<\/li>\n<\/ul>\n\n\n\n<h2><strong>Was bieten wir an?<\/strong><\/h2>\n\n\n\n<ul>\n<li>Vielf\u00e4ltige technische Projekte in den Niederlanden und Europa.<\/li>\n\n\n\n<li>Eine unabh\u00e4ngige Position mit Raum f\u00fcr pers\u00f6nliche Entwicklung.<\/li>\n\n\n\n<li>Anleitung und Wissenstransfer innerhalb des Teams.<\/li>\n\n\n\n<li>M\u00f6glichkeit, innerhalb von Van den Bos cm zu wachsen.<\/li>\n\n\n\n<li>Informelle Arbeitsatmosph\u00e4re mit kurzen Wegen und engagierten Kollegen.<\/li>\n\n\n\n<li>Marktgerechte Arbeitsbedingungen.<\/li>\n<\/ul>\n\n\n\n<h2><strong>Sind Sie bereit f\u00fcr den Umzug?<\/strong><\/h2>\n\n\n\n<p class=\"translation-block\">Dann bewerben Sie sich sofort oder kontaktieren Sie uns f\u00fcr weitere Informationen:<br><a href=\"mailto:jeanet.dejong@vandenbos-cm.nl\" target=\"_self\">jeanet.dejong@vandenbos-cm.nl<\/a> - 06-41221707<\/p>\n\t\t<\/div>\n\t\t\t\t<\/div>\n\t\t\t\t<\/div>\n\t\t\t\t\t\t\t<\/div>\n\t\t\t\t<\/div>\n\t\t\t\t<div data-elementor-type=\"loop-item\" data-elementor-id=\"211\" class=\"elementor elementor-211 e-loop-item e-loop-item-678 post-678 post type-post status-publish format-standard has-post-thumbnail hentry category-vacature\" data-elementor-post-type=\"elementor_library\" data-custom-edit-handle=\"1\">\n\t\t\t\t\t<div class=\"elementor-section-wrap\">\n\t\t\t\t\t\t<div class=\"elementor-element elementor-element-9a9da5d e-con-full vacature-container e-flex e-con e-parent\" data-id=\"9a9da5d\" data-element_type=\"container\">\n\t\t\t\t<div class=\"elementor-element elementor-element-f5d8cc2 elementor-widget elementor-widget-theme-post-title elementor-page-title elementor-widget-heading\" data-id=\"f5d8cc2\" data-element_type=\"widget\" data-widget_type=\"theme-post-title.default\">\n\t\t\t\t<div class=\"elementor-widget-container\">\n\t\t\t<h2 class=\"elementor-heading-title elementor-size-default\"><strong>Wollen Sie unser Team als Servicetechniker verst\u00e4rken?<\/strong><\/h2>\t\t<\/div>\n\t\t\t\t<\/div>\n\t\t\t\t<div class=\"elementor-element elementor-element-c894b50 elementor-widget elementor-widget-theme-post-featured-image elementor-widget-image\" data-id=\"c894b50\" data-element_type=\"widget\" data-widget_type=\"theme-post-featured-image.default\">\n\t\t\t\t<div class=\"elementor-widget-container\">\n\t\t\t<style>\/*! elementor - v3.23.0 - 15-07-2024 *\/\n.elementor-widget-image{text-align:center}.elementor-widget-image a{display:inline-block}.elementor-widget-image a img[src$=\".svg\"]{width:48px}.elementor-widget-image img{vertical-align:middle;display:inline-block}<\/style>\t\t\t\t\t\t\t\t\t\t<img fetchpriority=\"high\" decoding=\"async\" width=\"1920\" height=\"208\" src=\"https:\/\/vandenbos-cm.nl\/wp-content\/uploads\/2023\/12\/photo-automobile-production-line-welding-car-body-modern-car-assembly-plant-auto-industry.jpg\" class=\"attachment-full size-full wp-image-206\" alt=\"\" srcset=\"https:\/\/vandenbos-cm.nl\/wp-content\/uploads\/2023\/12\/photo-automobile-production-line-welding-car-body-modern-car-assembly-plant-auto-industry.jpg 1920w, https:\/\/vandenbos-cm.nl\/wp-content\/uploads\/2023\/12\/photo-automobile-production-line-welding-car-body-modern-car-assembly-plant-auto-industry-300x33.jpg 300w, https:\/\/vandenbos-cm.nl\/wp-content\/uploads\/2023\/12\/photo-automobile-production-line-welding-car-body-modern-car-assembly-plant-auto-industry-1024x111.jpg 1024w, https:\/\/vandenbos-cm.nl\/wp-content\/uploads\/2023\/12\/photo-automobile-production-line-welding-car-body-modern-car-assembly-plant-auto-industry-768x83.jpg 768w, https:\/\/vandenbos-cm.nl\/wp-content\/uploads\/2023\/12\/photo-automobile-production-line-welding-car-body-modern-car-assembly-plant-auto-industry-1536x166.jpg 1536w, https:\/\/vandenbos-cm.nl\/wp-content\/uploads\/2023\/12\/photo-automobile-production-line-welding-car-body-modern-car-assembly-plant-auto-industry-18x2.jpg 18w\" sizes=\"(max-width: 1920px) 100vw, 1920px\" \/>\t\t\t\t\t\t\t\t\t\t\t\t\t<\/div>\n\t\t\t\t<\/div>\n\t\t\t\t<div class=\"elementor-element elementor-element-5bd40b6 elementor-widget__width-initial elementor-widget elementor-widget-theme-post-content\" data-id=\"5bd40b6\" data-element_type=\"widget\" data-widget_type=\"theme-post-content.default\">\n\t\t\t\t<div class=\"elementor-widget-container\">\n\t\t\t\n<p class=\"translation-block\">Bei <strong>Van den Bos cm<\/strong> entwickeln und bauen wir Transport- und Robotersysteme f\u00fcr die Wellpappenindustrie. Von kompletten Werkstransportlinien bis hin zu fortschrittlichen Multipack-Maschinen mit Robotern. Alles, was wir liefern, wird komplett im eigenen Haus realisiert: mechanisch, elektrisch und softwaretechnisch.<\/p>\n\n\n\n<p>F\u00fcr unsere Serviceorganisation suchen wir einen Servicetechniker, der f\u00fcr die Wartung, Instandhaltung und St\u00f6rungsbeseitigung unserer Anlagen bei Kunden im In- und Ausland zust\u00e4ndig ist.<br><\/p>\n\n\n\n<h2><strong>Was werden Sie tun?<\/strong><\/h2>\n\n\n\n<p>Als Servicemechaniker\/in f\u00fchren Sie Service-, Wartungs- und St\u00f6rungsarbeiten an Maschinen und Anlagen bei Kunden durch. Sie arbeiten haupts\u00e4chlich vor Ort in Europa, wo Sie f\u00fcr den sicheren, zuverl\u00e4ssigen und effizienten Betrieb der Anlagen verantwortlich sind.<\/p>\n\n\n\n<p>Nach M\u00f6glichkeit unterst\u00fctzen Sie die Kunden bei Fernausf\u00e4llen in Abstimmung mit dem Servicekoordinator.<\/p>\n\n\n\n<p>Zu Ihren Aufgaben geh\u00f6ren:<\/p>\n\n\n\n<ul>\n<li>Durchf\u00fchrung von vorbeugenden und korrigierenden Wartungsarbeiten<\/li>\n\n\n\n<li>Lokalisierung und Behebung von mechanischen, elektrischen und Steuerungsst\u00f6rungen<\/li>\n\n\n\n<li>Service und Wartung von KUKA-Robotern und zugeh\u00f6rigen Anlagen<\/li>\n\n\n\n<li>Mitwirkung bei der Einrichtung, Inbetriebnahme und Pr\u00fcfung von Anlagen in der Werkstatt<\/li>\n\n\n\n<li>Pr\u00fcfung und Analyse von defekten oder ausgetauschten Teilen<\/li>\n\n\n\n<li>Aufzeichnung der durchgef\u00fchrten Arbeiten \u00fcber iPad und Servicesoftware<\/li>\n\n\n\n<li>Technische Berichterstattung und Feedback an den Dienstkoordinator<\/li>\n\n\n\n<li>Erl\u00e4uterung des Betriebs und der grundlegenden Wartung der Anlagen f\u00fcr die Kunden<\/li>\n\n\n\n<li>Unterst\u00fctzung von Benutzeranweisungen und Schulungen<\/li>\n<\/ul>\n\n\n\n<p>Bevor Sie sich selbstst\u00e4ndig machen, werden Sie von erfahrenen Kollegen eingearbeitet. Im Durchschnitt werden Sie etwa 60 bis 70% der Zeit vor Ort bei unseren Kunden in Europa arbeiten.<\/p>\n\n\n\n<h2><strong>Was bringen Sie mit?<\/strong><\/h2>\n\n\n\n<p>Sie sind technisch versiert, selbst\u00e4ndig und haben Freude an der Arbeit mit Kunden. Sie kommunizieren klar und arbeiten strukturiert.<\/p>\n\n\n\n<ul>\n<li>MBO Stufe 3 oder 4 in Mechatronik, Elektrotechnik oder Industrieautomation<\/li>\n\n\n\n<li>3-5 Jahre Erfahrung als Service- oder Wartungsingenieur in einem industriellen Umfeld<\/li>\n\n\n\n<li>Kenntnisse in Elektrotechnik, Steuerungstechnik, Mechanik und Pneumatik<\/li>\n\n\n\n<li>Erfahrung mit Industrierobotern (KUKA ist ein gro\u00dfes Plus)<\/li>\n\n\n\n<li>Bereitschaft zu Reisen innerhalb Europas<\/li>\n\n\n\n<li>Kommunikationsf\u00e4higkeit in Englisch; Deutsch ist ein Vorteil<\/li>\n<\/ul>\n\n\n\n<h2><strong>Was bieten wir an?<\/strong><\/h2>\n\n\n\n<ul>\n<li>Vielf\u00e4ltige technische Projekte in den Niederlanden und Europa.<\/li>\n\n\n\n<li>Eine unabh\u00e4ngige Position mit Raum f\u00fcr pers\u00f6nliche Entwicklung.<\/li>\n\n\n\n<li>Anleitung und Wissenstransfer innerhalb des Teams.<\/li>\n\n\n\n<li>M\u00f6glichkeit, innerhalb von Van den Bos cm zu wachsen.<\/li>\n\n\n\n<li>Informelle Arbeitsatmosph\u00e4re mit kurzen Wegen und engagierten Kollegen.<\/li>\n\n\n\n<li>Marktgerechte Arbeitsbedingungen.<\/li>\n<\/ul>\n\n\n\n<h2><strong>Sind Sie bereit f\u00fcr den Umzug?<\/strong><\/h2>\n\n\n\n<p class=\"translation-block\">Dann bewerben Sie sich sofort oder kontaktieren Sie uns f\u00fcr weitere Informationen:<br><a href=\"mailto:jeanet.dejong@vandenbos-cm.nl\" target=\"_self\">jeanet.dejong@vandenbos-cm.nl<\/a> - 06-41221707<\/p>\n\t\t<\/div>\n\t\t\t\t<\/div>\n\t\t\t\t<\/div>\n\t\t\t\t\t\t\t<\/div>\n\t\t\t\t<\/div>\n\t\t\t\t<\/div>\n\t\t\n\t\t\t\t<\/div>\n\t\t\t\t<\/div>\n\t\t\t\t<\/div>\n\t\t\t\t<\/div>","protected":false},"excerpt":{"rendered":"<p>Wo Menschen den Unterschied machen. Wir sind auf der Suche nach Menschen, die den Unterschied machen. Um unser Team zu erweitern, suchen wir Kandidaten f\u00fcr die unten aufgef\u00fchrten offenen Stellen. Sie werden mit rund 25 Kollegen zusammenarbeiten, um innovative Projekte f\u00fcr nationale und internationale Kunden zu realisieren.  M\u00f6chten Sie arbeiten [...]<\/p>","protected":false},"author":1,"featured_media":0,"parent":0,"menu_order":0,"comment_status":"closed","ping_status":"closed","template":"","meta":[],"_links":{"self":[{"href":"https:\/\/vandenbos-cm.nl\/de\/wp-json\/wp\/v2\/pages\/16"}],"collection":[{"href":"https:\/\/vandenbos-cm.nl\/de\/wp-json\/wp\/v2\/pages"}],"about":[{"href":"https:\/\/vandenbos-cm.nl\/de\/wp-json\/wp\/v2\/types\/page"}],"author":[{"embeddable":true,"href":"https:\/\/vandenbos-cm.nl\/de\/wp-json\/wp\/v2\/users\/1"}],"replies":[{"embeddable":true,"href":"https:\/\/vandenbos-cm.nl\/de\/wp-json\/wp\/v2\/comments?post=16"}],"version-history":[{"count":43,"href":"https:\/\/vandenbos-cm.nl\/de\/wp-json\/wp\/v2\/pages\/16\/revisions"}],"predecessor-version":[{"id":603,"href":"https:\/\/vandenbos-cm.nl\/de\/wp-json\/wp\/v2\/pages\/16\/revisions\/603"}],"wp:attachment":[{"href":"https:\/\/vandenbos-cm.nl\/de\/wp-json\/wp\/v2\/media?parent=16"}],"curies":[{"name":"wp","href":"https:\/\/api.w.org\/{rel}","templated":true}]}}