{"id":389,"date":"2024-06-18T13:18:13","date_gmt":"2024-06-18T13:18:13","guid":{"rendered":"https:\/\/vandenbos-cm.nl\/?page_id=389"},"modified":"2024-09-03T12:14:25","modified_gmt":"2024-09-03T12:14:25","slug":"software","status":"publish","type":"page","link":"https:\/\/vandenbos-cm.nl\/de\/produkte\/software\/","title":{"rendered":"Software"},"content":{"rendered":"<div data-elementor-type=\"wp-page\" data-elementor-id=\"389\" class=\"elementor elementor-389\" data-elementor-post-type=\"page\">\n\t\t\t\t<div class=\"elementor-element elementor-element-d017042 e-flex e-con-boxed e-con e-parent\" data-id=\"d017042\" data-element_type=\"container\" data-settings=\"{&quot;background_background&quot;:&quot;classic&quot;}\">\n\t\t\t\t\t<div class=\"e-con-inner\">\n\t\t\t\t<div class=\"elementor-element elementor-element-e68c55b elementor-widget elementor-widget-heading\" data-id=\"e68c55b\" data-element_type=\"widget\" data-widget_type=\"heading.default\">\n\t\t\t\t<div class=\"elementor-widget-container\">\n\t\t\t<style>\/*! elementor - v3.23.0 - 15-07-2024 *\/\n.elementor-heading-title{padding:0;margin:0;line-height:1}.elementor-widget-heading .elementor-heading-title[class*=elementor-size-]>a{color:inherit;font-size:inherit;line-height:inherit}.elementor-widget-heading .elementor-heading-title.elementor-size-small{font-size:15px}.elementor-widget-heading .elementor-heading-title.elementor-size-medium{font-size:19px}.elementor-widget-heading .elementor-heading-title.elementor-size-large{font-size:29px}.elementor-widget-heading .elementor-heading-title.elementor-size-xl{font-size:39px}.elementor-widget-heading .elementor-heading-title.elementor-size-xxl{font-size:59px}<\/style><h1 class=\"elementor-heading-title elementor-size-default\">Software<\/h1>\t\t<\/div>\n\t\t\t\t<\/div>\n\t\t\t\t\t<\/div>\n\t\t\t\t<\/div>\n\t\t<div class=\"elementor-element elementor-element-0b5963a e-flex e-con-boxed e-con e-parent\" data-id=\"0b5963a\" data-element_type=\"container\">\n\t\t\t\t\t<div class=\"e-con-inner\">\n\t\t\t\t<div class=\"elementor-element elementor-element-f094618 elementor-widget elementor-widget-heading\" data-id=\"f094618\" data-element_type=\"widget\" data-widget_type=\"heading.default\">\n\t\t\t\t<div class=\"elementor-widget-container\">\n\t\t\t<h2 class=\"elementor-heading-title elementor-size-default\"><b>Intelligente<\/b> Messsoftware.<\/h2>\t\t<\/div>\n\t\t\t\t<\/div>\n\t\t\t\t<div class=\"elementor-element elementor-element-a3dc8cb elementor-widget elementor-widget-text-editor\" data-id=\"a3dc8cb\" data-element_type=\"widget\" data-widget_type=\"text-editor.default\">\n\t\t\t\t<div class=\"elementor-widget-container\">\n\t\t\t<style>\/*! elementor - v3.23.0 - 15-07-2024 *\/\n.elementor-widget-text-editor.elementor-drop-cap-view-stacked .elementor-drop-cap{background-color:#69727d;color:#fff}.elementor-widget-text-editor.elementor-drop-cap-view-framed .elementor-drop-cap{color:#69727d;border:3px solid;background-color:transparent}.elementor-widget-text-editor:not(.elementor-drop-cap-view-default) .elementor-drop-cap{margin-top:8px}.elementor-widget-text-editor:not(.elementor-drop-cap-view-default) .elementor-drop-cap-letter{width:1em;height:1em}.elementor-widget-text-editor .elementor-drop-cap{float:left;text-align:center;line-height:1;font-size:50px}.elementor-widget-text-editor .elementor-drop-cap-letter{display:inline-block}<\/style>\t\t\t\t<p>Unsere Softwareingenieure sind verantwortlich f\u00fcr die softwaretechnische und elektronische Steuerung der Roboter und F\u00f6rderb\u00e4nder. Sie stellen sicher, dass die Roboter und F\u00f6rderb\u00e4nder korrekt gesteuert werden und der Prozess wie gew\u00fcnscht verl\u00e4uft. Wichtige Benutzeranforderungen, die bei diesem Prozess ber\u00fccksichtigt werden, sind;<\/p>\t\t\t\t\t\t<\/div>\n\t\t\t\t<\/div>\n\t\t\t\t\t<\/div>\n\t\t\t\t<\/div>\n\t\t<div class=\"elementor-element elementor-element-8d59fff e-grid e-con-boxed e-con e-parent\" data-id=\"8d59fff\" data-element_type=\"container\">\n\t\t\t\t\t<div class=\"e-con-inner\">\n\t\t<div class=\"elementor-element elementor-element-3c28408 e-con-full e-flex e-con e-child\" data-id=\"3c28408\" data-element_type=\"container\">\n\t\t\t\t<div class=\"elementor-element elementor-element-4187e91 stappen-grid-number elementor-widget elementor-widget-heading\" data-id=\"4187e91\" data-element_type=\"widget\" data-widget_type=\"heading.default\">\n\t\t\t\t<div class=\"elementor-widget-container\">\n\t\t\t<h4 class=\"elementor-heading-title elementor-size-default\">Kommunikation <br\/>\nmit Benutzer<\/h4>\t\t<\/div>\n\t\t\t\t<\/div>\n\t\t\t\t<div class=\"elementor-element elementor-element-476212e elementor-widget elementor-widget-text-editor\" data-id=\"476212e\" data-element_type=\"widget\" data-widget_type=\"text-editor.default\">\n\t\t\t\t<div class=\"elementor-widget-container\">\n\t\t\t\t\t\t\t<p>Den Benutzer Daten eingeben und speichern lassen.<\/p>\t\t\t\t\t\t<\/div>\n\t\t\t\t<\/div>\n\t\t\t\t<\/div>\n\t\t<div class=\"elementor-element elementor-element-26a1ed2 e-con-full e-flex e-con e-child\" data-id=\"26a1ed2\" data-element_type=\"container\">\n\t\t\t\t<div class=\"elementor-element elementor-element-d6aad0e stappen-grid-number elementor-widget elementor-widget-heading\" data-id=\"d6aad0e\" data-element_type=\"widget\" data-widget_type=\"heading.default\">\n\t\t\t\t<div class=\"elementor-widget-container\">\n\t\t\t<h4 class=\"elementor-heading-title elementor-size-default\">Gruppen <br\/>\nbestimmen<\/h4>\t\t<\/div>\n\t\t\t\t<\/div>\n\t\t\t\t<div class=\"elementor-element elementor-element-6ac6373 elementor-widget elementor-widget-text-editor\" data-id=\"6ac6373\" data-element_type=\"widget\" data-widget_type=\"text-editor.default\">\n\t\t\t\t<div class=\"elementor-widget-container\">\n\t\t\t\t\t\t\t<p>Pakete in Gruppen unterteilen. Die Pakete in derselben Gruppe k\u00f6nnen gleichzeitig abgelegt werden.<\/p>\t\t\t\t\t\t<\/div>\n\t\t\t\t<\/div>\n\t\t\t\t<\/div>\n\t\t<div class=\"elementor-element elementor-element-a041953 e-con-full e-flex e-con e-child\" data-id=\"a041953\" data-element_type=\"container\">\n\t\t\t\t<div class=\"elementor-element elementor-element-2b2617b stappen-grid-number elementor-widget elementor-widget-heading\" data-id=\"2b2617b\" data-element_type=\"widget\" data-widget_type=\"heading.default\">\n\t\t\t\t<div class=\"elementor-widget-container\">\n\t\t\t<h4 class=\"elementor-heading-title elementor-size-default\">Ablege-Reihenfolge <br\/> bestimmen<\/h4>\t\t<\/div>\n\t\t\t\t<\/div>\n\t\t\t\t<div class=\"elementor-element elementor-element-cf7ece8 elementor-widget elementor-widget-text-editor\" data-id=\"cf7ece8\" data-element_type=\"widget\" data-widget_type=\"text-editor.default\">\n\t\t\t\t<div class=\"elementor-widget-container\">\n\t\t\t\t\t\t\t<p>Festlegen, in welcher Reihenfolge die Gruppen und Pakete abgelegt werden sollen und was die beste Reihenfolge f\u00fcr das Ablegen ist.<\/p>\t\t\t\t\t\t<\/div>\n\t\t\t\t<\/div>\n\t\t\t\t<\/div>\n\t\t<div class=\"elementor-element elementor-element-7fd75ae e-con-full e-flex e-con e-child\" data-id=\"7fd75ae\" data-element_type=\"container\">\n\t\t\t\t<div class=\"elementor-element elementor-element-dee11ec stappen-grid-number elementor-widget elementor-widget-heading\" data-id=\"dee11ec\" data-element_type=\"widget\" data-widget_type=\"heading.default\">\n\t\t\t\t<div class=\"elementor-widget-container\">\n\t\t\t<h4 class=\"elementor-heading-title elementor-size-default\">Zyklen <br\/>\nbestimmen<\/h4>\t\t<\/div>\n\t\t\t\t<\/div>\n\t\t\t\t<div class=\"elementor-element elementor-element-e1d99c8 elementor-widget elementor-widget-text-editor\" data-id=\"e1d99c8\" data-element_type=\"widget\" data-widget_type=\"text-editor.default\">\n\t\t\t\t<div class=\"elementor-widget-container\">\n\t\t\t\t\t\t\t<p>Gruppen in Zyklen unterteilen. Die Gruppen, die einen Zyklus bilden, k\u00f6nnen vom Greifer auf einmal aufgenommen werden.<\/p>\t\t\t\t\t\t<\/div>\n\t\t\t\t<\/div>\n\t\t\t\t<\/div>\n\t\t\t\t<div class=\"elementor-element elementor-element-8077b61 elementor-hidden-tablet elementor-hidden-mobile elementor-widget-divider--view-line elementor-widget elementor-widget-divider\" data-id=\"8077b61\" data-element_type=\"widget\" data-widget_type=\"divider.default\">\n\t\t\t\t<div class=\"elementor-widget-container\">\n\t\t\t<style>\/*! elementor - v3.23.0 - 15-07-2024 *\/\n.elementor-widget-divider{--divider-border-style:none;--divider-border-width:1px;--divider-color:#0c0d0e;--divider-icon-size:20px;--divider-element-spacing:10px;--divider-pattern-height:24px;--divider-pattern-size:20px;--divider-pattern-url:none;--divider-pattern-repeat:repeat-x}.elementor-widget-divider .elementor-divider{display:flex}.elementor-widget-divider .elementor-divider__text{font-size:15px;line-height:1;max-width:95%}.elementor-widget-divider .elementor-divider__element{margin:0 var(--divider-element-spacing);flex-shrink:0}.elementor-widget-divider .elementor-icon{font-size:var(--divider-icon-size)}.elementor-widget-divider .elementor-divider-separator{display:flex;margin:0;direction:ltr}.elementor-widget-divider--view-line_icon .elementor-divider-separator,.elementor-widget-divider--view-line_text .elementor-divider-separator{align-items:center}.elementor-widget-divider--view-line_icon .elementor-divider-separator:after,.elementor-widget-divider--view-line_icon .elementor-divider-separator:before,.elementor-widget-divider--view-line_text .elementor-divider-separator:after,.elementor-widget-divider--view-line_text .elementor-divider-separator:before{display:block;content:\"\";border-block-end:0;flex-grow:1;border-block-start:var(--divider-border-width) var(--divider-border-style) var(--divider-color)}.elementor-widget-divider--element-align-left .elementor-divider .elementor-divider-separator>.elementor-divider__svg:first-of-type{flex-grow:0;flex-shrink:100}.elementor-widget-divider--element-align-left .elementor-divider-separator:before{content:none}.elementor-widget-divider--element-align-left .elementor-divider__element{margin-left:0}.elementor-widget-divider--element-align-right .elementor-divider .elementor-divider-separator>.elementor-divider__svg:last-of-type{flex-grow:0;flex-shrink:100}.elementor-widget-divider--element-align-right .elementor-divider-separator:after{content:none}.elementor-widget-divider--element-align-right .elementor-divider__element{margin-right:0}.elementor-widget-divider--element-align-start .elementor-divider .elementor-divider-separator>.elementor-divider__svg:first-of-type{flex-grow:0;flex-shrink:100}.elementor-widget-divider--element-align-start .elementor-divider-separator:before{content:none}.elementor-widget-divider--element-align-start .elementor-divider__element{margin-inline-start:0}.elementor-widget-divider--element-align-end .elementor-divider .elementor-divider-separator>.elementor-divider__svg:last-of-type{flex-grow:0;flex-shrink:100}.elementor-widget-divider--element-align-end .elementor-divider-separator:after{content:none}.elementor-widget-divider--element-align-end .elementor-divider__element{margin-inline-end:0}.elementor-widget-divider:not(.elementor-widget-divider--view-line_text):not(.elementor-widget-divider--view-line_icon) .elementor-divider-separator{border-block-start:var(--divider-border-width) var(--divider-border-style) var(--divider-color)}.elementor-widget-divider--separator-type-pattern{--divider-border-style:none}.elementor-widget-divider--separator-type-pattern.elementor-widget-divider--view-line .elementor-divider-separator,.elementor-widget-divider--separator-type-pattern:not(.elementor-widget-divider--view-line) .elementor-divider-separator:after,.elementor-widget-divider--separator-type-pattern:not(.elementor-widget-divider--view-line) .elementor-divider-separator:before,.elementor-widget-divider--separator-type-pattern:not([class*=elementor-widget-divider--view]) .elementor-divider-separator{width:100%;min-height:var(--divider-pattern-height);-webkit-mask-size:var(--divider-pattern-size) 100%;mask-size:var(--divider-pattern-size) 100%;-webkit-mask-repeat:var(--divider-pattern-repeat);mask-repeat:var(--divider-pattern-repeat);background-color:var(--divider-color);-webkit-mask-image:var(--divider-pattern-url);mask-image:var(--divider-pattern-url)}.elementor-widget-divider--no-spacing{--divider-pattern-size:auto}.elementor-widget-divider--bg-round{--divider-pattern-repeat:round}.rtl .elementor-widget-divider .elementor-divider__text{direction:rtl}.e-con-inner>.elementor-widget-divider,.e-con>.elementor-widget-divider{width:var(--container-widget-width,100%);--flex-grow:var(--container-widget-flex-grow)}<\/style>\t\t<div class=\"elementor-divider\">\n\t\t\t<span class=\"elementor-divider-separator\">\n\t\t\t\t\t\t<\/span>\n\t\t<\/div>\n\t\t\t\t<\/div>\n\t\t\t\t<\/div>\n\t\t<div class=\"elementor-element elementor-element-0a58f5a e-con-full e-flex e-con e-child\" data-id=\"0a58f5a\" data-element_type=\"container\">\n\t\t\t\t<div class=\"elementor-element elementor-element-fbde799 stappen-grid-number elementor-widget elementor-widget-heading\" data-id=\"fbde799\" data-element_type=\"widget\" data-widget_type=\"heading.default\">\n\t\t\t\t<div class=\"elementor-widget-container\">\n\t\t\t<h4 class=\"elementor-heading-title elementor-size-default\">Gruppen<wbr>reihenfolge <br\/> bestimmen<\/h4>\t\t<\/div>\n\t\t\t\t<\/div>\n\t\t\t\t<div class=\"elementor-element elementor-element-560a194 elementor-widget elementor-widget-text-editor\" data-id=\"560a194\" data-element_type=\"widget\" data-widget_type=\"text-editor.default\">\n\t\t\t\t<div class=\"elementor-widget-container\">\n\t\t\t\t\t\t\t<p>Festlegen, in welcher Reihenfolge die Gruppen im Greifer angeordnet sind.<\/p>\t\t\t\t\t\t<\/div>\n\t\t\t\t<\/div>\n\t\t\t\t<\/div>\n\t\t<div class=\"elementor-element elementor-element-2b3e1ed e-con-full e-flex e-con e-child\" data-id=\"2b3e1ed\" data-element_type=\"container\">\n\t\t\t\t<div class=\"elementor-element elementor-element-ce1909e stappen-grid-number elementor-widget elementor-widget-heading\" data-id=\"ce1909e\" data-element_type=\"widget\" data-widget_type=\"heading.default\">\n\t\t\t\t<div class=\"elementor-widget-container\">\n\t\t\t<h4 class=\"elementor-heading-title elementor-size-default\">Greifer<wbr>aufnahme<wbr>position <br\/> bestimmen<\/h4>\t\t<\/div>\n\t\t\t\t<\/div>\n\t\t\t\t<div class=\"elementor-element elementor-element-a95f8e9 elementor-widget elementor-widget-text-editor\" data-id=\"a95f8e9\" data-element_type=\"widget\" data-widget_type=\"text-editor.default\">\n\t\t\t\t<div class=\"elementor-widget-container\">\n\t\t\t\t\t\t\t<p>Bestimmen Sie Position und Ausrichtung des Greifers.<\/p>\t\t\t\t\t\t<\/div>\n\t\t\t\t<\/div>\n\t\t\t\t<\/div>\n\t\t<div class=\"elementor-element elementor-element-0489648 e-con-full e-flex e-con e-child\" data-id=\"0489648\" data-element_type=\"container\">\n\t\t\t\t<div class=\"elementor-element elementor-element-cbbe704 stappen-grid-number elementor-widget elementor-widget-heading\" data-id=\"cbbe704\" data-element_type=\"widget\" data-widget_type=\"heading.default\">\n\t\t\t\t<div class=\"elementor-widget-container\">\n\t\t\t<h4 class=\"elementor-heading-title elementor-size-default\">Einfahrtrichtung <br\/> bestimmen<\/h4>\t\t<\/div>\n\t\t\t\t<\/div>\n\t\t\t\t<div class=\"elementor-element elementor-element-ea4f4e4 elementor-widget elementor-widget-text-editor\" data-id=\"ea4f4e4\" data-element_type=\"widget\" data-widget_type=\"text-editor.default\">\n\t\t\t\t<div class=\"elementor-widget-container\">\n\t\t\t\t\t\t\t<p>Festlegen, ob die Gruppen gerade oder schr\u00e4g von oben gestapelt werden k\u00f6nnen und aus welcher Richtung.<\/p>\t\t\t\t\t\t<\/div>\n\t\t\t\t<\/div>\n\t\t\t\t<\/div>\n\t\t<div class=\"elementor-element elementor-element-fd4f867 e-con-full e-flex e-con e-child\" data-id=\"fd4f867\" data-element_type=\"container\">\n\t\t\t\t<div class=\"elementor-element elementor-element-abe268f stappen-grid-number elementor-widget elementor-widget-heading\" data-id=\"abe268f\" data-element_type=\"widget\" data-widget_type=\"heading.default\">\n\t\t\t\t<div class=\"elementor-widget-container\">\n\t\t\t<h4 class=\"elementor-heading-title elementor-size-default\">Kommunikation<br\/>\nmit dem Roboter<\/h4>\t\t<\/div>\n\t\t\t\t<\/div>\n\t\t\t\t<div class=\"elementor-element elementor-element-4e811a3 elementor-widget elementor-widget-text-editor\" data-id=\"4e811a3\" data-element_type=\"widget\" data-widget_type=\"text-editor.default\">\n\t\t\t\t<div class=\"elementor-widget-container\">\n\t\t\t\t\t\t\t<p>Alle Anweisungen sammeln und an den Roboter senden.<\/p>\t\t\t\t\t\t<\/div>\n\t\t\t\t<\/div>\n\t\t\t\t<\/div>\n\t\t\t\t\t<\/div>\n\t\t\t\t<\/div>\n\t\t<div class=\"elementor-element elementor-element-ec03f50 e-flex e-con-boxed e-con e-parent\" data-id=\"ec03f50\" data-element_type=\"container\" data-settings=\"{&quot;background_background&quot;:&quot;classic&quot;}\">\n\t\t\t\t\t<div class=\"e-con-inner\">\n\t\t<div class=\"elementor-element elementor-element-42b8a1b e-con-full e-flex e-con e-child\" data-id=\"42b8a1b\" data-element_type=\"container\">\n\t\t\t\t<div class=\"elementor-element elementor-element-66df259 elementor-widget elementor-widget-heading\" data-id=\"66df259\" data-element_type=\"widget\" data-widget_type=\"heading.default\">\n\t\t\t\t<div class=\"elementor-widget-container\">\n\t\t\t<h2 class=\"elementor-heading-title elementor-size-default\">Unser <b>intelligente<\/b> Messsoftware.<\/h2>\t\t<\/div>\n\t\t\t\t<\/div>\n\t\t\t\t<\/div>\n\t\t<div class=\"elementor-element elementor-element-d90c9ff e-con-full e-flex e-con e-child\" data-id=\"d90c9ff\" data-element_type=\"container\">\n\t\t<div class=\"elementor-element elementor-element-e6cdf4b e-flex e-con-boxed e-con e-child\" data-id=\"e6cdf4b\" data-element_type=\"container\">\n\t\t\t\t\t<div class=\"e-con-inner\">\n\t\t\t\t<div class=\"elementor-element elementor-element-7b9c768 elementor-widget elementor-widget-text-editor\" data-id=\"7b9c768\" data-element_type=\"widget\" data-widget_type=\"text-editor.default\">\n\t\t\t\t<div class=\"elementor-widget-container\">\n\t\t\t\t\t\t\t<p>Anhand dieser Funktionen wurden verschiedene Anforderungen aufgestellt, die das System erf\u00fcllen muss. Dies kann an die W\u00fcnsche und Anforderungen unserer Kunden angepasst werden.<\/p>\t\t\t\t\t\t<\/div>\n\t\t\t\t<\/div>\n\t\t\t\t\t<\/div>\n\t\t\t\t<\/div>\n\t\t\t\t<\/div>\n\t\t\t\t\t<\/div>\n\t\t\t\t<\/div>\n\t\t<div class=\"elementor-element elementor-element-dcca341 e-flex e-con-boxed e-con e-parent\" data-id=\"dcca341\" data-element_type=\"container\">\n\t\t\t\t\t<div class=\"e-con-inner\">\n\t\t\t\t<div class=\"elementor-element elementor-element-5163d77 elementor-widget elementor-widget-global elementor-global-586 elementor-widget-heading\" data-id=\"5163d77\" data-element_type=\"widget\" data-widget_type=\"heading.default\">\n\t\t\t\t<div class=\"elementor-widget-container\">\n\t\t\t<h2 class=\"elementor-heading-title elementor-size-default\">F\u00fcr <b>weitere Informationen<\/b> zu unsere L\u00f6sungen k\u00f6nnen Sie uns per  <a href=\"mailto:info@vandenbos-cm.nl\"><b>E-Mail<\/b><\/a> kontaktieren oder anrufen unter der Nummer <a href=\"tel:31546473441\"><b>+31 (0)546 - 47 34 41<\/b><\/a><\/h2>\t\t<\/div>\n\t\t\t\t<\/div>\n\t\t\t\t\t<\/div>\n\t\t\t\t<\/div>\n\t\t\t\t<\/div>","protected":false},"excerpt":{"rendered":"<p>Intelligente Messsoftware. Unsere Software-Ingenieure sind f\u00fcr die softwaretechnische und elektronische Steuerung der Roboter und Rollenbahnen verantwortlich. Sie sorgen daf\u00fcr, dass die Roboter und Rollenbahnen korrekt gesteuert werden und der Prozess wie gew\u00fcnscht abl\u00e4uft. Wichtige Anforderungen der Anwender, die dabei ber\u00fccksichtigt werden, sind: Kommunikation mit dem Anwender Die Eingabe von Daten durch den Anwender [...].<\/p>","protected":false},"author":1,"featured_media":0,"parent":14,"menu_order":0,"comment_status":"closed","ping_status":"closed","template":"","meta":[],"_links":{"self":[{"href":"https:\/\/vandenbos-cm.nl\/de\/wp-json\/wp\/v2\/pages\/389"}],"collection":[{"href":"https:\/\/vandenbos-cm.nl\/de\/wp-json\/wp\/v2\/pages"}],"about":[{"href":"https:\/\/vandenbos-cm.nl\/de\/wp-json\/wp\/v2\/types\/page"}],"author":[{"embeddable":true,"href":"https:\/\/vandenbos-cm.nl\/de\/wp-json\/wp\/v2\/users\/1"}],"replies":[{"embeddable":true,"href":"https:\/\/vandenbos-cm.nl\/de\/wp-json\/wp\/v2\/comments?post=389"}],"version-history":[{"count":19,"href":"https:\/\/vandenbos-cm.nl\/de\/wp-json\/wp\/v2\/pages\/389\/revisions"}],"predecessor-version":[{"id":597,"href":"https:\/\/vandenbos-cm.nl\/de\/wp-json\/wp\/v2\/pages\/389\/revisions\/597"}],"up":[{"embeddable":true,"href":"https:\/\/vandenbos-cm.nl\/de\/wp-json\/wp\/v2\/pages\/14"}],"wp:attachment":[{"href":"https:\/\/vandenbos-cm.nl\/de\/wp-json\/wp\/v2\/media?parent=389"}],"curies":[{"name":"wp","href":"https:\/\/api.w.org\/{rel}","templated":true}]}}