{"id":392,"date":"2024-06-18T13:18:25","date_gmt":"2024-06-18T13:18:25","guid":{"rendered":"https:\/\/vandenbos-cm.nl\/?page_id=392"},"modified":"2024-09-03T12:14:07","modified_gmt":"2024-09-03T12:14:07","slug":"personalisierung","status":"publish","type":"page","link":"https:\/\/vandenbos-cm.nl\/de\/produkte\/personalisierung\/","title":{"rendered":"Ma\u00dfarbeit"},"content":{"rendered":"<div data-elementor-type=\"wp-page\" data-elementor-id=\"392\" class=\"elementor elementor-392\" data-elementor-post-type=\"page\">\n\t\t\t\t<div class=\"elementor-element elementor-element-8155f8b e-flex e-con-boxed e-con e-parent\" data-id=\"8155f8b\" data-element_type=\"container\" data-settings=\"{&quot;background_background&quot;:&quot;classic&quot;}\">\n\t\t\t\t\t<div class=\"e-con-inner\">\n\t\t\t\t<div class=\"elementor-element elementor-element-ab4527d elementor-widget elementor-widget-heading\" data-id=\"ab4527d\" data-element_type=\"widget\" data-widget_type=\"heading.default\">\n\t\t\t\t<div class=\"elementor-widget-container\">\n\t\t\t<style>\/*! elementor - v3.23.0 - 15-07-2024 *\/\n.elementor-heading-title{padding:0;margin:0;line-height:1}.elementor-widget-heading .elementor-heading-title[class*=elementor-size-]>a{color:inherit;font-size:inherit;line-height:inherit}.elementor-widget-heading .elementor-heading-title.elementor-size-small{font-size:15px}.elementor-widget-heading .elementor-heading-title.elementor-size-medium{font-size:19px}.elementor-widget-heading .elementor-heading-title.elementor-size-large{font-size:29px}.elementor-widget-heading .elementor-heading-title.elementor-size-xl{font-size:39px}.elementor-widget-heading .elementor-heading-title.elementor-size-xxl{font-size:59px}<\/style><h1 class=\"elementor-heading-title elementor-size-default\">Ma\u00dfarbeit<\/h1>\t\t<\/div>\n\t\t\t\t<\/div>\n\t\t\t\t\t<\/div>\n\t\t\t\t<\/div>\n\t\t<div class=\"elementor-element elementor-element-246653c e-flex e-con-boxed e-con e-parent\" data-id=\"246653c\" data-element_type=\"container\">\n\t\t\t\t\t<div class=\"e-con-inner\">\n\t\t\t\t<div class=\"elementor-element elementor-element-28672a6 elementor-widget elementor-widget-heading\" data-id=\"28672a6\" data-element_type=\"widget\" data-widget_type=\"heading.default\">\n\t\t\t\t<div class=\"elementor-widget-container\">\n\t\t\t<h2 class=\"elementor-heading-title elementor-size-default\">Vom groben Konzept bis zum <b>Spezialprodukt<\/b>.<\/h2>\t\t<\/div>\n\t\t\t\t<\/div>\n\t\t\t\t<div class=\"elementor-element elementor-element-6c24865 elementor-widget elementor-widget-text-editor\" data-id=\"6c24865\" data-element_type=\"widget\" data-widget_type=\"text-editor.default\">\n\t\t\t\t<div class=\"elementor-widget-container\">\n\t\t\t<style>\/*! elementor - v3.23.0 - 15-07-2024 *\/\n.elementor-widget-text-editor.elementor-drop-cap-view-stacked .elementor-drop-cap{background-color:#69727d;color:#fff}.elementor-widget-text-editor.elementor-drop-cap-view-framed .elementor-drop-cap{color:#69727d;border:3px solid;background-color:transparent}.elementor-widget-text-editor:not(.elementor-drop-cap-view-default) .elementor-drop-cap{margin-top:8px}.elementor-widget-text-editor:not(.elementor-drop-cap-view-default) .elementor-drop-cap-letter{width:1em;height:1em}.elementor-widget-text-editor .elementor-drop-cap{float:left;text-align:center;line-height:1;font-size:50px}.elementor-widget-text-editor .elementor-drop-cap-letter{display:inline-block}<\/style>\t\t\t\t<p>Kein Problem oder Wunsch ist gleich, wenn es um Speziall\u00f6sungen geht. Eine grobe Idee wird von unseren Ingenieuren in eine 3D-Zeichnung f\u00fcr die Entwicklung einer Speziall\u00f6sung umgesetzt. Schlie\u00dflich gibt es keine fertige Antwort, wohl aber eine schl\u00fcssige L\u00f6sung.<\/p>\t\t\t\t\t\t<\/div>\n\t\t\t\t<\/div>\n\t\t\t\t\t<\/div>\n\t\t\t\t<\/div>\n\t\t<div class=\"elementor-element elementor-element-de51581 e-grid e-con-boxed e-con e-parent\" data-id=\"de51581\" data-element_type=\"container\">\n\t\t\t\t\t<div class=\"e-con-inner\">\n\t\t<div class=\"elementor-element elementor-element-4fd4c37 e-con-full e-flex e-con e-child\" data-id=\"4fd4c37\" data-element_type=\"container\">\n\t\t\t\t<div class=\"elementor-element elementor-element-1075678 elementor-widget elementor-widget-image\" data-id=\"1075678\" data-element_type=\"widget\" data-widget_type=\"image.default\">\n\t\t\t\t<div class=\"elementor-widget-container\">\n\t\t\t<style>\/*! elementor - v3.23.0 - 15-07-2024 *\/\n.elementor-widget-image{text-align:center}.elementor-widget-image a{display:inline-block}.elementor-widget-image a img[src$=\".svg\"]{width:48px}.elementor-widget-image img{vertical-align:middle;display:inline-block}<\/style>\t\t\t\t\t\t\t\t\t\t<img fetchpriority=\"high\" decoding=\"async\" width=\"768\" height=\"768\" src=\"https:\/\/vandenbos-cm.nl\/wp-content\/uploads\/2024\/06\/van-den-bos-maatwerk-hefbaan-768x768.jpg\" class=\"attachment-medium_large size-medium_large wp-image-472\" alt=\"\" srcset=\"https:\/\/vandenbos-cm.nl\/wp-content\/uploads\/2024\/06\/van-den-bos-maatwerk-hefbaan-768x768.jpg 768w, https:\/\/vandenbos-cm.nl\/wp-content\/uploads\/2024\/06\/van-den-bos-maatwerk-hefbaan-300x300.jpg 300w, https:\/\/vandenbos-cm.nl\/wp-content\/uploads\/2024\/06\/van-den-bos-maatwerk-hefbaan-150x150.jpg 150w, https:\/\/vandenbos-cm.nl\/wp-content\/uploads\/2024\/06\/van-den-bos-maatwerk-hefbaan-12x12.jpg 12w, https:\/\/vandenbos-cm.nl\/wp-content\/uploads\/2024\/06\/van-den-bos-maatwerk-hefbaan.jpg 1000w\" sizes=\"(max-width: 768px) 100vw, 768px\" \/>\t\t\t\t\t\t\t\t\t\t\t\t\t<\/div>\n\t\t\t\t<\/div>\n\t\t\t\t<div class=\"elementor-element elementor-element-cc7c804 elementor-widget elementor-widget-heading\" data-id=\"cc7c804\" data-element_type=\"widget\" data-widget_type=\"heading.default\">\n\t\t\t\t<div class=\"elementor-widget-container\">\n\t\t\t<h2 class=\"elementor-heading-title elementor-size-default\">Hubbahn<\/h2>\t\t<\/div>\n\t\t\t\t<\/div>\n\t\t\t\t<\/div>\n\t\t<div class=\"elementor-element elementor-element-c67aaa4 e-con-full e-flex e-con e-child\" data-id=\"c67aaa4\" data-element_type=\"container\">\n\t\t\t\t<div class=\"elementor-element elementor-element-a136032 elementor-widget elementor-widget-image\" data-id=\"a136032\" data-element_type=\"widget\" data-widget_type=\"image.default\">\n\t\t\t\t<div class=\"elementor-widget-container\">\n\t\t\t\t\t\t\t\t\t\t\t\t\t<img decoding=\"async\" width=\"768\" height=\"768\" src=\"https:\/\/vandenbos-cm.nl\/wp-content\/uploads\/2024\/06\/van-den-bos-maatwerk-draaitafel-met-wikkelaar-768x768.jpg\" class=\"attachment-medium_large size-medium_large wp-image-471\" alt=\"\" srcset=\"https:\/\/vandenbos-cm.nl\/wp-content\/uploads\/2024\/06\/van-den-bos-maatwerk-draaitafel-met-wikkelaar-768x768.jpg 768w, https:\/\/vandenbos-cm.nl\/wp-content\/uploads\/2024\/06\/van-den-bos-maatwerk-draaitafel-met-wikkelaar-300x300.jpg 300w, https:\/\/vandenbos-cm.nl\/wp-content\/uploads\/2024\/06\/van-den-bos-maatwerk-draaitafel-met-wikkelaar-150x150.jpg 150w, https:\/\/vandenbos-cm.nl\/wp-content\/uploads\/2024\/06\/van-den-bos-maatwerk-draaitafel-met-wikkelaar-12x12.jpg 12w, https:\/\/vandenbos-cm.nl\/wp-content\/uploads\/2024\/06\/van-den-bos-maatwerk-draaitafel-met-wikkelaar.jpg 1000w\" sizes=\"(max-width: 768px) 100vw, 768px\" \/>\t\t\t\t\t\t\t\t\t\t\t\t\t<\/div>\n\t\t\t\t<\/div>\n\t\t\t\t<div class=\"elementor-element elementor-element-67612e0 elementor-widget elementor-widget-heading\" data-id=\"67612e0\" data-element_type=\"widget\" data-widget_type=\"heading.default\">\n\t\t\t\t<div class=\"elementor-widget-container\">\n\t\t\t<h2 class=\"elementor-heading-title elementor-size-default\">Drehtisch mit Stretcher<\/h2>\t\t<\/div>\n\t\t\t\t<\/div>\n\t\t\t\t<\/div>\n\t\t<div class=\"elementor-element elementor-element-c501716 e-con-full e-flex e-con e-child\" data-id=\"c501716\" data-element_type=\"container\">\n\t\t\t\t<div class=\"elementor-element elementor-element-aaf148f elementor-widget elementor-widget-image\" data-id=\"aaf148f\" data-element_type=\"widget\" data-widget_type=\"image.default\">\n\t\t\t\t<div class=\"elementor-widget-container\">\n\t\t\t\t\t\t\t\t\t\t\t\t\t<img decoding=\"async\" width=\"768\" height=\"768\" src=\"https:\/\/vandenbos-cm.nl\/wp-content\/uploads\/2024\/06\/van-den-bos-maatwerk-pvc-baan-768x768.jpg\" class=\"attachment-medium_large size-medium_large wp-image-474\" alt=\"\" srcset=\"https:\/\/vandenbos-cm.nl\/wp-content\/uploads\/2024\/06\/van-den-bos-maatwerk-pvc-baan-768x768.jpg 768w, https:\/\/vandenbos-cm.nl\/wp-content\/uploads\/2024\/06\/van-den-bos-maatwerk-pvc-baan-300x300.jpg 300w, https:\/\/vandenbos-cm.nl\/wp-content\/uploads\/2024\/06\/van-den-bos-maatwerk-pvc-baan-150x150.jpg 150w, https:\/\/vandenbos-cm.nl\/wp-content\/uploads\/2024\/06\/van-den-bos-maatwerk-pvc-baan-12x12.jpg 12w, https:\/\/vandenbos-cm.nl\/wp-content\/uploads\/2024\/06\/van-den-bos-maatwerk-pvc-baan.jpg 1000w\" sizes=\"(max-width: 768px) 100vw, 768px\" \/>\t\t\t\t\t\t\t\t\t\t\t\t\t<\/div>\n\t\t\t\t<\/div>\n\t\t\t\t<div class=\"elementor-element elementor-element-0e0ec2c elementor-widget elementor-widget-heading\" data-id=\"0e0ec2c\" data-element_type=\"widget\" data-widget_type=\"heading.default\">\n\t\t\t\t<div class=\"elementor-widget-container\">\n\t\t\t<h2 class=\"elementor-heading-title elementor-size-default\">Kunststoff-f\u00f6rderer<\/h2>\t\t<\/div>\n\t\t\t\t<\/div>\n\t\t\t\t<\/div>\n\t\t<div class=\"elementor-element elementor-element-f7939d6 e-con-full e-flex e-con e-child\" data-id=\"f7939d6\" data-element_type=\"container\">\n\t\t\t\t<div class=\"elementor-element elementor-element-6ead8f6 elementor-widget elementor-widget-image\" data-id=\"6ead8f6\" data-element_type=\"widget\" data-widget_type=\"image.default\">\n\t\t\t\t<div class=\"elementor-widget-container\">\n\t\t\t\t\t\t\t\t\t\t\t\t\t<img loading=\"lazy\" decoding=\"async\" width=\"768\" height=\"768\" src=\"https:\/\/vandenbos-cm.nl\/wp-content\/uploads\/2024\/06\/van-den-bos-maatwerk-afvalband-768x768.jpg\" class=\"attachment-medium_large size-medium_large wp-image-470\" alt=\"\" srcset=\"https:\/\/vandenbos-cm.nl\/wp-content\/uploads\/2024\/06\/van-den-bos-maatwerk-afvalband-768x768.jpg 768w, https:\/\/vandenbos-cm.nl\/wp-content\/uploads\/2024\/06\/van-den-bos-maatwerk-afvalband-300x300.jpg 300w, https:\/\/vandenbos-cm.nl\/wp-content\/uploads\/2024\/06\/van-den-bos-maatwerk-afvalband-150x150.jpg 150w, https:\/\/vandenbos-cm.nl\/wp-content\/uploads\/2024\/06\/van-den-bos-maatwerk-afvalband-12x12.jpg 12w, https:\/\/vandenbos-cm.nl\/wp-content\/uploads\/2024\/06\/van-den-bos-maatwerk-afvalband.jpg 1000w\" sizes=\"(max-width: 768px) 100vw, 768px\" \/>\t\t\t\t\t\t\t\t\t\t\t\t\t<\/div>\n\t\t\t\t<\/div>\n\t\t\t\t<div class=\"elementor-element elementor-element-e5be0af elementor-widget elementor-widget-heading\" data-id=\"e5be0af\" data-element_type=\"widget\" data-widget_type=\"heading.default\">\n\t\t\t\t<div class=\"elementor-widget-container\">\n\t\t\t<h2 class=\"elementor-heading-title elementor-size-default\"><span style=\"color: var( --e-global-color-primary ); font-size: 2rem;\">M\u00fcll-f\u00f6rderer<\/span><\/h2>\t\t<\/div>\n\t\t\t\t<\/div>\n\t\t\t\t<\/div>\n\t\t<div class=\"elementor-element elementor-element-e416034 e-con-full e-flex e-con e-child\" data-id=\"e416034\" data-element_type=\"container\">\n\t\t\t\t<div class=\"elementor-element elementor-element-1d90dcb elementor-widget elementor-widget-image\" data-id=\"1d90dcb\" data-element_type=\"widget\" data-widget_type=\"image.default\">\n\t\t\t\t<div class=\"elementor-widget-container\">\n\t\t\t\t\t\t\t\t\t\t\t\t\t<img loading=\"lazy\" decoding=\"async\" width=\"768\" height=\"768\" src=\"https:\/\/vandenbos-cm.nl\/wp-content\/uploads\/2024\/06\/van-den-bos-maatwerk-pakketbaan-768x768.jpg\" class=\"attachment-medium_large size-medium_large wp-image-473\" alt=\"\" srcset=\"https:\/\/vandenbos-cm.nl\/wp-content\/uploads\/2024\/06\/van-den-bos-maatwerk-pakketbaan-768x768.jpg 768w, https:\/\/vandenbos-cm.nl\/wp-content\/uploads\/2024\/06\/van-den-bos-maatwerk-pakketbaan-300x300.jpg 300w, https:\/\/vandenbos-cm.nl\/wp-content\/uploads\/2024\/06\/van-den-bos-maatwerk-pakketbaan-150x150.jpg 150w, https:\/\/vandenbos-cm.nl\/wp-content\/uploads\/2024\/06\/van-den-bos-maatwerk-pakketbaan-12x12.jpg 12w, https:\/\/vandenbos-cm.nl\/wp-content\/uploads\/2024\/06\/van-den-bos-maatwerk-pakketbaan.jpg 1000w\" sizes=\"(max-width: 768px) 100vw, 768px\" \/>\t\t\t\t\t\t\t\t\t\t\t\t\t<\/div>\n\t\t\t\t<\/div>\n\t\t\t\t<div class=\"elementor-element elementor-element-677e633 elementor-widget elementor-widget-heading\" data-id=\"677e633\" data-element_type=\"widget\" data-widget_type=\"heading.default\">\n\t\t\t\t<div class=\"elementor-widget-container\">\n\t\t\t<h2 class=\"elementor-heading-title elementor-size-default\">Spezielle Pakete-f\u00f6rderer<\/h2>\t\t<\/div>\n\t\t\t\t<\/div>\n\t\t\t\t<\/div>\n\t\t<div class=\"elementor-element elementor-element-aec35a6 e-con-full e-flex e-con e-child\" data-id=\"aec35a6\" data-element_type=\"container\">\n\t\t\t\t<div class=\"elementor-element elementor-element-fe7eeb5 elementor-widget elementor-widget-image\" data-id=\"fe7eeb5\" data-element_type=\"widget\" data-widget_type=\"image.default\">\n\t\t\t\t<div class=\"elementor-widget-container\">\n\t\t\t\t\t\t\t\t\t\t\t\t\t<img loading=\"lazy\" decoding=\"async\" width=\"768\" height=\"768\" src=\"https:\/\/vandenbos-cm.nl\/wp-content\/uploads\/2024\/06\/van-den-bos-cm-kogelbaan-768x768.jpg\" class=\"attachment-medium_large size-medium_large wp-image-468\" alt=\"\" srcset=\"https:\/\/vandenbos-cm.nl\/wp-content\/uploads\/2024\/06\/van-den-bos-cm-kogelbaan-768x768.jpg 768w, https:\/\/vandenbos-cm.nl\/wp-content\/uploads\/2024\/06\/van-den-bos-cm-kogelbaan-300x300.jpg 300w, https:\/\/vandenbos-cm.nl\/wp-content\/uploads\/2024\/06\/van-den-bos-cm-kogelbaan-150x150.jpg 150w, https:\/\/vandenbos-cm.nl\/wp-content\/uploads\/2024\/06\/van-den-bos-cm-kogelbaan-12x12.jpg 12w, https:\/\/vandenbos-cm.nl\/wp-content\/uploads\/2024\/06\/van-den-bos-cm-kogelbaan.jpg 1000w\" sizes=\"(max-width: 768px) 100vw, 768px\" \/>\t\t\t\t\t\t\t\t\t\t\t\t\t<\/div>\n\t\t\t\t<\/div>\n\t\t\t\t<div class=\"elementor-element elementor-element-76393c4 elementor-widget elementor-widget-heading\" data-id=\"76393c4\" data-element_type=\"widget\" data-widget_type=\"heading.default\">\n\t\t\t\t<div class=\"elementor-widget-container\">\n\t\t\t<h2 class=\"elementor-heading-title elementor-size-default\">Kugelf\u00f6rderer<\/h2>\t\t<\/div>\n\t\t\t\t<\/div>\n\t\t\t\t<\/div>\n\t\t\t\t\t<\/div>\n\t\t\t\t<\/div>\n\t\t<div class=\"elementor-element elementor-element-34a149d e-flex e-con-boxed e-con e-parent\" data-id=\"34a149d\" data-element_type=\"container\" data-settings=\"{&quot;background_background&quot;:&quot;classic&quot;}\">\n\t\t\t\t\t<div class=\"e-con-inner\">\n\t\t<div class=\"elementor-element elementor-element-e7a4db9 e-con-full e-flex e-con e-child\" data-id=\"e7a4db9\" data-element_type=\"container\">\n\t\t\t\t<div class=\"elementor-element elementor-element-a59a86e elementor-widget elementor-widget-heading\" data-id=\"a59a86e\" data-element_type=\"widget\" data-widget_type=\"heading.default\">\n\t\t\t\t<div class=\"elementor-widget-container\">\n\t\t\t<h2 class=\"elementor-heading-title elementor-size-default\">Transportsysteme &amp; <br> ma\u00dfgeschneiderte <b>Konzepterstellung.<\/b><\/h2>\t\t<\/div>\n\t\t\t\t<\/div>\n\t\t\t\t<\/div>\n\t\t<div class=\"elementor-element elementor-element-c39da30 e-con-full e-flex e-con e-child\" data-id=\"c39da30\" data-element_type=\"container\">\n\t\t<div class=\"elementor-element elementor-element-b648f7a e-flex e-con-boxed e-con e-child\" data-id=\"b648f7a\" data-element_type=\"container\">\n\t\t\t\t\t<div class=\"e-con-inner\">\n\t\t\t\t<div class=\"elementor-element elementor-element-b805d79 elementor-widget elementor-widget-text-editor\" data-id=\"b805d79\" data-element_type=\"widget\" data-widget_type=\"text-editor.default\">\n\t\t\t\t<div class=\"elementor-widget-container\">\n\t\t\t\t\t\t\t<p>Unsere Kunden k\u00f6nnen auf echte Qualit\u00e4tskomponenten z\u00e4hlen, die in den Niederlanden und Europa gestaltet und gefertigt werden. Um die Effizienz zu gew\u00e4hrleisten, entwickeln wir unsere eigenen Softwareprogramme. Wir bieten den h\u00f6chsten Servicegrad f\u00fcr die beste Betreuung vor, w\u00e4hrend und nach der Installation. Um ein Projekt zum Erfolg zu f\u00fchren, ist eine Speziall\u00f6sung die Antwort.<\/p>\t\t\t\t\t\t<\/div>\n\t\t\t\t<\/div>\n\t\t\t\t\t<\/div>\n\t\t\t\t<\/div>\n\t\t\t\t<\/div>\n\t\t\t\t\t<\/div>\n\t\t\t\t<\/div>\n\t\t<div class=\"elementor-element elementor-element-74d93ce e-flex e-con-boxed e-con e-parent\" data-id=\"74d93ce\" data-element_type=\"container\">\n\t\t\t\t\t<div class=\"e-con-inner\">\n\t\t\t\t<div class=\"elementor-element elementor-element-dd27699 elementor-widget elementor-widget-global elementor-global-586 elementor-widget-heading\" data-id=\"dd27699\" data-element_type=\"widget\" data-widget_type=\"heading.default\">\n\t\t\t\t<div class=\"elementor-widget-container\">\n\t\t\t<h2 class=\"elementor-heading-title elementor-size-default\">F\u00fcr <b>weitere Informationen<\/b> zu unsere L\u00f6sungen k\u00f6nnen Sie uns per  <a href=\"mailto:info@vandenbos-cm.nl\"><b>E-Mail<\/b><\/a> kontaktieren oder anrufen unter der Nummer <a href=\"tel:31546473441\"><b>+31 (0)546 - 47 34 41<\/b><\/a><\/h2>\t\t<\/div>\n\t\t\t\t<\/div>\n\t\t\t\t\t<\/div>\n\t\t\t\t<\/div>\n\t\t\t\t<\/div>","protected":false},"excerpt":{"rendered":"<p>Von der groben Idee zum Spezial. Keine Frage und kein Wunsch ist gleich, wenn es um Sonderanfertigungen geht. Unsere Ingenieure verwandeln eine grobe Idee in eine 3D-Zeichnung f\u00fcr die Entwicklung eines Specials. Schlie\u00dflich gibt es keine Antwort von der Stange, sondern nur eine perfekte L\u00f6sung. Hubf\u00f6rderer Drehtisch mit Wickler PVC-F\u00f6rderer Abfallf\u00f6rderer Paketf\u00f6rderer Spezial Kugelf\u00f6rderer Transportsysteme [...].<\/p>","protected":false},"author":1,"featured_media":0,"parent":14,"menu_order":0,"comment_status":"closed","ping_status":"closed","template":"","meta":[],"_links":{"self":[{"href":"https:\/\/vandenbos-cm.nl\/de\/wp-json\/wp\/v2\/pages\/392"}],"collection":[{"href":"https:\/\/vandenbos-cm.nl\/de\/wp-json\/wp\/v2\/pages"}],"about":[{"href":"https:\/\/vandenbos-cm.nl\/de\/wp-json\/wp\/v2\/types\/page"}],"author":[{"embeddable":true,"href":"https:\/\/vandenbos-cm.nl\/de\/wp-json\/wp\/v2\/users\/1"}],"replies":[{"embeddable":true,"href":"https:\/\/vandenbos-cm.nl\/de\/wp-json\/wp\/v2\/comments?post=392"}],"version-history":[{"count":52,"href":"https:\/\/vandenbos-cm.nl\/de\/wp-json\/wp\/v2\/pages\/392\/revisions"}],"predecessor-version":[{"id":594,"href":"https:\/\/vandenbos-cm.nl\/de\/wp-json\/wp\/v2\/pages\/392\/revisions\/594"}],"up":[{"embeddable":true,"href":"https:\/\/vandenbos-cm.nl\/de\/wp-json\/wp\/v2\/pages\/14"}],"wp:attachment":[{"href":"https:\/\/vandenbos-cm.nl\/de\/wp-json\/wp\/v2\/media?parent=392"}],"curies":[{"name":"wp","href":"https:\/\/api.w.org\/{rel}","templated":true}]}}